{"id":7802,"date":"2025-03-23T23:39:12","date_gmt":"2025-03-23T23:39:12","guid":{"rendered":"https:\/\/vikingip.com\/?page_id=7802"},"modified":"2025-06-14T17:02:39","modified_gmt":"2025-06-14T17:02:39","slug":"dmca","status":"publish","type":"page","link":"https:\/\/vikingip.com\/it\/dmca\/","title":{"rendered":"DMCA"},"content":{"rendered":"<div data-elementor-type=\"wp-page\" data-elementor-id=\"7802\" class=\"elementor elementor-7802\" data-elementor-post-type=\"page\">\n\t\t\t\t\t\t<section class=\"elementor-section elementor-top-section elementor-element elementor-element-2e598c5 elementor-section-height-min-height elementor-section-boxed elementor-section-height-default elementor-section-items-middle\" data-id=\"2e598c5\" data-element_type=\"section\" data-e-type=\"section\" data-settings=\"{&quot;background_background&quot;:&quot;classic&quot;}\">\n\t\t\t\t\t\t<div class=\"elementor-container elementor-column-gap-default\">\n\t\t\t\t\t<div class=\"elementor-column elementor-col-100 elementor-top-column elementor-element elementor-element-b66ea19\" data-id=\"b66ea19\" data-element_type=\"column\" data-e-type=\"column\">\n\t\t\t<div class=\"elementor-widget-wrap elementor-element-populated\">\n\t\t\t\t\t\t<div class=\"elementor-element elementor-element-2d6c856 elementor-widget elementor-widget-heading\" data-id=\"2d6c856\" data-element_type=\"widget\" data-e-type=\"widget\" data-widget_type=\"heading.default\">\n\t\t\t\t<div class=\"elementor-widget-container\">\n\t\t\t\t\t<h3 class=\"elementor-heading-title elementor-size-default\">Home \/ DMCA<\/h3>\t\t\t\t<\/div>\n\t\t\t\t<\/div>\n\t\t\t\t<div class=\"elementor-element elementor-element-2f42996 elementor-widget elementor-widget-heading\" data-id=\"2f42996\" data-element_type=\"widget\" data-e-type=\"widget\" data-widget_type=\"heading.default\">\n\t\t\t\t<div class=\"elementor-widget-container\">\n\t\t\t\t\t<h2 class=\"elementor-heading-title elementor-size-default\">Dichiarazione di non responsabilit\u00e0 DMCA<\/h2>\t\t\t\t<\/div>\n\t\t\t\t<\/div>\n\t\t\t\t\t<\/div>\n\t\t<\/div>\n\t\t\t\t\t<\/div>\n\t\t<\/section>\n\t\t\t\t<section class=\"elementor-section elementor-top-section elementor-element elementor-element-6594bbc elementor-section-boxed elementor-section-height-default elementor-section-height-default\" data-id=\"6594bbc\" data-element_type=\"section\" data-e-type=\"section\">\n\t\t\t\t\t\t<div class=\"elementor-container elementor-column-gap-default\">\n\t\t\t\t\t<div class=\"elementor-column elementor-col-100 elementor-top-column elementor-element elementor-element-896b2b2\" data-id=\"896b2b2\" data-element_type=\"column\" data-e-type=\"column\">\n\t\t\t<div class=\"elementor-widget-wrap elementor-element-populated\">\n\t\t\t\t\t\t<div class=\"elementor-element elementor-element-2912f38 elementor-widget-divider--view-line elementor-widget elementor-widget-divider\" data-id=\"2912f38\" data-element_type=\"widget\" data-e-type=\"widget\" data-widget_type=\"divider.default\">\n\t\t\t\t<div class=\"elementor-widget-container\">\n\t\t\t\t\t\t\t<div class=\"elementor-divider\">\n\t\t\t<span class=\"elementor-divider-separator\">\n\t\t\t\t\t\t<\/span>\n\t\t<\/div>\n\t\t\t\t\t\t<\/div>\n\t\t\t\t<\/div>\n\t\t\t\t\t<\/div>\n\t\t<\/div>\n\t\t\t\t\t<\/div>\n\t\t<\/section>\n\t\t\t\t<section class=\"elementor-section elementor-top-section elementor-element elementor-element-4bc596b elementor-section-boxed elementor-section-height-default elementor-section-height-default\" data-id=\"4bc596b\" data-element_type=\"section\" data-e-type=\"section\">\n\t\t\t\t\t\t<div class=\"elementor-container elementor-column-gap-default\">\n\t\t\t\t\t<div class=\"elementor-column elementor-col-100 elementor-top-column elementor-element elementor-element-7f6d25a\" data-id=\"7f6d25a\" data-element_type=\"column\" data-e-type=\"column\">\n\t\t\t<div class=\"elementor-widget-wrap elementor-element-populated\">\n\t\t\t\t\t\t<div class=\"elementor-element elementor-element-1ee3193 elementor-widget elementor-widget-text-editor\" data-id=\"1ee3193\" data-element_type=\"widget\" data-e-type=\"widget\" data-widget_type=\"text-editor.default\">\n\t\t\t\t<div class=\"elementor-widget-container\">\n\t\t\t\t\t\t\t\t\t<p class=\"\" data-start=\"136\" data-end=\"573\"><span style=\"color: #5b43e6;\"><strong data-start=\"136\" data-end=\"174\">1. Disclaimer per il contenuto:<\/strong><\/span><br data-start=\"174\" data-end=\"177\" \/>Flixonova non ospita n\u00e9 trasmette canali TV direttamente dai propri server e non ha alcuna affiliazione con i fornitori di tali canali. Flixonova non \u00e8 responsabile per alcuna violazione del copyright relativa ai contenuti linkati o incorporati nel nostro sito web. Per questioni legali, si prega di contattare direttamente il proprietario effettivo del contenuto in streaming.<\/p><p class=\"\" data-start=\"575\" data-end=\"1065\"><span style=\"color: #5b43e6;\"><strong data-start=\"575\" data-end=\"614\">2. Ruolo come fornitore di servizi online:<\/strong><\/span><br data-start=\"614\" data-end=\"617\" \/>Ai sensi del Digital Millennium Copyright Act (DMCA), Flixonova \u00e8 riconosciuta come fornitore di servizi online. Consentiamo ai legittimi titolari di copyright di pubblicare contenuti in modo indipendente su Internet, ricercando, incorporando e visualizzando vari tipi di contenuti multimediali. Non gestiamo alcun servizio di streaming. Flixonova prende molto sul serio la violazione del copyright e si impegna a proteggere i diritti dei legittimi titolari.<\/p><p class=\"\" data-start=\"1067\" data-end=\"1365\"><span style=\"color: #5b43e6;\"><strong data-start=\"1067\" data-end=\"1107\">3. Segnalare violazioni del copyright:<\/strong><\/span><br data-start=\"1107\" data-end=\"1110\" \/>Se sei titolare di copyright e i tuoi contenuti appaiono sul sito web o sul servizio Flixonova senza autorizzazione, devi comunicarcelo per iscritto affinch\u00e9 possiamo adottare le misure appropriate. La notifica deve includere quanto segue:<\/p><ul data-start=\"1367\" data-end=\"2440\"><li class=\"\" data-start=\"1367\" data-end=\"1598\"><p class=\"\" data-start=\"1369\" data-end=\"1598\"><strong data-start=\"1369\" data-end=\"1427\">Identificazione dell&#039;opera protetta da copyright:<\/strong> Identificazione chiara dell&#039;opera protetta da copyright che si ritiene sia stata violata. In caso di violazione di pi\u00f9 opere, \u00e8 necessario fornire un elenco rappresentativo.<\/p><\/li><li class=\"\" data-start=\"1599\" data-end=\"1784\"><p class=\"\" data-start=\"1601\" data-end=\"1784\"><strong data-start=\"1601\" data-end=\"1636\">Ubicazione del materiale che viola i diritti d&#039;autore:<\/strong> Una descrizione dettagliata della posizione del materiale presumibilmente lesivo sul sito web di Flixonova, inclusi gli URL specifici.<\/p><\/li><li class=\"\" data-start=\"1785\" data-end=\"1928\"><p class=\"\" data-start=\"1787\" data-end=\"1928\"><strong data-start=\"1787\" data-end=\"1812\">Informazioni sui contatti:<\/strong> Informazioni sufficienti per contattarti, come nome, indirizzo, numero di telefono e indirizzo e-mail.<\/p><\/li><li class=\"\" data-start=\"1929\" data-end=\"2162\"><p class=\"\" data-start=\"1931\" data-end=\"2162\"><strong data-start=\"1931\" data-end=\"1960\">Dichiarazione di buona fede:<\/strong> Una dichiarazione in cui attesti che ritieni in buona fede che l&#039;uso del materiale nel modo contestato non \u00e8 autorizzato dal titolare del copyright, dal suo agente o dalla legge.<\/p><\/li><li class=\"\" data-start=\"2163\" data-end=\"2440\"><p class=\"\" data-start=\"2165\" data-end=\"2440\"><strong data-start=\"2165\" data-end=\"2208\">Clausola di accuratezza e responsabilit\u00e0 penale:<\/strong> Una dichiarazione attestante che le informazioni contenute nella notifica sono accurate e, sotto pena di spergiuro, che sei autorizzato ad agire per conto del titolare di un diritto esclusivo che si presume sia stato violato.<\/p><\/li><\/ul><p class=\"\" data-start=\"2442\" data-end=\"2578\"><span style=\"color: #5b43e6;\"><strong data-start=\"2442\" data-end=\"2475\">4. Informazioni di contatto DMCA:<\/strong><\/span><br data-start=\"2475\" data-end=\"2478\" \/>Per segnalare una violazione del copyright, contattateci a:<\/p><p class=\"\" data-start=\"2580\" data-end=\"2623\"><strong data-start=\"2580\" data-end=\"2601\">E-mail di Flixonova:<\/strong> <span style=\"color: #5b43e6;\"><a style=\"color: #5b43e6;\" rel=\"noopener\" data-start=\"2602\" data-end=\"2623\">dmca@vikingip.com<\/a><\/span><\/p><p class=\"\" data-start=\"2625\" data-end=\"2888\"><span style=\"color: #5b43e6;\"><strong data-start=\"2625\" data-end=\"2664\">5. Avvertenza contro le dichiarazioni errate:<\/strong><\/span><br data-start=\"2664\" data-end=\"2667\" \/>Si prega di notare che, ai sensi del 17 USC \u00a7 512(f), chiunque dichiari consapevolmente in modo errato che un materiale o un&#039;attivit\u00e0 viola un copyright pu\u00f2 essere soggetto a responsabilit\u00e0.<\/p>\t\t\t\t\t\t\t\t<\/div>\n\t\t\t\t<\/div>\n\t\t\t\t\t<\/div>\n\t\t<\/div>\n\t\t\t\t\t<\/div>\n\t\t<\/section>\n\t\t\t\t<section class=\"elementor-section elementor-top-section elementor-element elementor-element-a7cad1f elementor-section-boxed elementor-section-height-default elementor-section-height-default\" data-id=\"a7cad1f\" data-element_type=\"section\" data-e-type=\"section\">\n\t\t\t\t\t\t<div class=\"elementor-container elementor-column-gap-default\">\n\t\t\t\t\t<div class=\"elementor-column elementor-col-100 elementor-top-column elementor-element elementor-element-f82f072\" data-id=\"f82f072\" data-element_type=\"column\" data-e-type=\"column\">\n\t\t\t<div class=\"elementor-widget-wrap elementor-element-populated\">\n\t\t\t\t\t\t<div class=\"elementor-element elementor-element-61ed22c elementor-widget elementor-widget-heading\" data-id=\"61ed22c\" data-element_type=\"widget\" data-e-type=\"widget\" data-widget_type=\"heading.default\">\n\t\t\t\t<div class=\"elementor-widget-container\">\n\t\t\t\t\t<h2 class=\"elementor-heading-title elementor-size-default\">Contatto tramite WhatsApp o e-mail <\/h2>\t\t\t\t<\/div>\n\t\t\t\t<\/div>\n\t\t\t\t<div class=\"elementor-element elementor-element-0e757e2 elementor-invisible elementor-widget elementor-widget-heading\" data-id=\"0e757e2\" data-element_type=\"widget\" data-e-type=\"widget\" data-settings=\"{&quot;_animation&quot;:&quot;fadeInUp&quot;}\" data-widget_type=\"heading.default\">\n\t\t\t\t<div class=\"elementor-widget-container\">\n\t\t\t\t\t<h2 class=\"elementor-heading-title elementor-size-default\">Hai altre domande? Siamo qui per te 24 ore su 24<\/h2>\t\t\t\t<\/div>\n\t\t\t\t<\/div>\n\t\t\t\t\t<\/div>\n\t\t<\/div>\n\t\t\t\t\t<\/div>\n\t\t<\/section>\n\t\t\t\t<section class=\"elementor-section elementor-top-section elementor-element elementor-element-313cdbc elementor-section-boxed elementor-section-height-default elementor-section-height-default\" data-id=\"313cdbc\" data-element_type=\"section\" data-e-type=\"section\" data-settings=\"{&quot;background_background&quot;:&quot;classic&quot;}\">\n\t\t\t\t\t\t<div class=\"elementor-container elementor-column-gap-default\">\n\t\t\t\t\t<div class=\"elementor-column elementor-col-33 elementor-top-column elementor-element elementor-element-c1ca539\" data-id=\"c1ca539\" data-element_type=\"column\" data-e-type=\"column\" data-settings=\"{&quot;background_background&quot;:&quot;gradient&quot;}\">\n\t\t\t<div class=\"elementor-widget-wrap elementor-element-populated\">\n\t\t\t\t\t\t<div class=\"elementor-element elementor-element-02e50de elementor-position-top elementor-widget elementor-widget-image-box\" data-id=\"02e50de\" data-element_type=\"widget\" data-e-type=\"widget\" data-widget_type=\"image-box.default\">\n\t\t\t\t<div class=\"elementor-widget-container\">\n\t\t\t\t\t<div class=\"elementor-image-box-wrapper\"><figure class=\"elementor-image-box-img\"><a href=\"mailto:flixonova@gmail.com\" tabindex=\"-1\"><img decoding=\"async\" width=\"65\" height=\"65\" src=\"https:\/\/vikingip.com\/wp-content\/uploads\/2025\/02\/logos_google-gmail-1.png\" class=\"attachment-full size-full wp-image-2495\" alt=\"Kontakta oss p\u00e5 Monster IPTV \u2013 Gmail\" \/><\/a><\/figure><div class=\"elementor-image-box-content\"><h3 class=\"elementor-image-box-title\"><a href=\"mailto:flixonova@gmail.com\">Supporto via e-mail<\/a><\/h3><p class=\"elementor-image-box-description\">flixonova@gmail.com\n<\/p><\/div><\/div>\t\t\t\t<\/div>\n\t\t\t\t<\/div>\n\t\t\t\t\t<\/div>\n\t\t<\/div>\n\t\t\t\t<div class=\"elementor-column elementor-col-33 elementor-top-column elementor-element elementor-element-5746732\" data-id=\"5746732\" data-element_type=\"column\" data-e-type=\"column\" data-settings=\"{&quot;background_background&quot;:&quot;gradient&quot;}\">\n\t\t\t<div class=\"elementor-widget-wrap elementor-element-populated\">\n\t\t\t\t\t\t<div class=\"elementor-element elementor-element-ec0ca97 elementor-position-top elementor-widget elementor-widget-image-box\" data-id=\"ec0ca97\" data-element_type=\"widget\" data-e-type=\"widget\" data-widget_type=\"image-box.default\">\n\t\t\t\t<div class=\"elementor-widget-container\">\n\t\t\t\t\t<div class=\"elementor-image-box-wrapper\"><figure class=\"elementor-image-box-img\"><a href=\"https:\/\/wa.me\/212771405727\" tabindex=\"-1\" target=\"_blank\" rel=\"noopener\"><img decoding=\"async\" width=\"65\" height=\"65\" src=\"https:\/\/vikingip.com\/wp-content\/uploads\/2025\/02\/ri_whatsapp-fill-1.png\" class=\"attachment-full size-full wp-image-2497\" alt=\"Kontakta oss p\u00e5 Monster IPTV \u2013 WhatsApp\" \/><\/a><\/figure><div class=\"elementor-image-box-content\"><h3 class=\"elementor-image-box-title\"><a href=\"https:\/\/wa.me\/212771405727\" target=\"_blank\" rel=\"noopener\">Numero WhatsApp<\/a><\/h3><p class=\"elementor-image-box-description\">+212 771-405727<\/p><\/div><\/div>\t\t\t\t<\/div>\n\t\t\t\t<\/div>\n\t\t\t\t\t<\/div>\n\t\t<\/div>\n\t\t\t\t<div class=\"elementor-column elementor-col-33 elementor-top-column elementor-element elementor-element-a848122\" data-id=\"a848122\" data-element_type=\"column\" data-e-type=\"column\" data-settings=\"{&quot;background_background&quot;:&quot;gradient&quot;}\">\n\t\t\t<div class=\"elementor-widget-wrap elementor-element-populated\">\n\t\t\t\t\t\t<div class=\"elementor-element elementor-element-242564c elementor-position-top elementor-widget elementor-widget-image-box\" data-id=\"242564c\" data-element_type=\"widget\" data-e-type=\"widget\" data-widget_type=\"image-box.default\">\n\t\t\t\t<div class=\"elementor-widget-container\">\n\t\t\t\t\t<div class=\"elementor-image-box-wrapper\"><figure class=\"elementor-image-box-img\"><a href=\"https:\/\/t.me\/Flixonova\" tabindex=\"-1\"><img decoding=\"async\" width=\"65\" height=\"65\" src=\"https:\/\/vikingip.com\/wp-content\/uploads\/2025\/02\/logos_telegram-1.png\" class=\"attachment-full size-full wp-image-2496\" alt=\"Kontakta oss p\u00e5 Monster IPTV \u2013 Telegram\" \/><\/a><\/figure><div class=\"elementor-image-box-content\"><h3 class=\"elementor-image-box-title\"><a href=\"https:\/\/t.me\/Flixonova\">Indirizzo Telegram<\/a><\/h3><p class=\"elementor-image-box-description\">@Flixonova<\/p><\/div><\/div>\t\t\t\t<\/div>\n\t\t\t\t<\/div>\n\t\t\t\t\t<\/div>\n\t\t<\/div>\n\t\t\t\t\t<\/div>\n\t\t<\/section>\n\t\t<div class=\"elementor-element elementor-element-a777a82 e-flex e-con-boxed e-con e-parent\" data-id=\"a777a82\" data-element_type=\"container\" data-e-type=\"container\">\n\t\t\t\t\t<div class=\"e-con-inner\">\n\t\t\t\t<div class=\"elementor-element elementor-element-5a3f851 elementor-widget-divider--view-line elementor-widget elementor-widget-divider\" data-id=\"5a3f851\" data-element_type=\"widget\" data-e-type=\"widget\" data-widget_type=\"divider.default\">\n\t\t\t\t<div class=\"elementor-widget-container\">\n\t\t\t\t\t\t\t<div class=\"elementor-divider\">\n\t\t\t<span class=\"elementor-divider-separator\">\n\t\t\t\t\t\t<\/span>\n\t\t<\/div>\n\t\t\t\t\t\t<\/div>\n\t\t\t\t<\/div>\n\t\t\t\t\t<\/div>\n\t\t\t\t<\/div>\n\t\t\t\t<\/div>","protected":false},"excerpt":{"rendered":"<p>Startseite \/ DMCA DMCA-Haftungsausschluss 1. Haftungsausschluss f\u00fcr Inhalte:Flixonova hostet oder sendet keine Fernsehsender direkt von seinen Servern und steht in [&hellip;]<\/p>\n","protected":false},"author":1,"featured_media":0,"parent":0,"menu_order":0,"comment_status":"closed","ping_status":"closed","template":"","meta":{"site-sidebar-layout":"no-sidebar","site-content-layout":"","ast-site-content-layout":"full-width-container","site-content-style":"default","site-sidebar-style":"default","ast-global-header-display":"","ast-banner-title-visibility":"","ast-main-header-display":"","ast-hfb-above-header-display":"","ast-hfb-below-header-display":"","ast-hfb-mobile-header-display":"","site-post-title":"","ast-breadcrumbs-content":"","ast-featured-img":"disabled","footer-sml-layout":"","ast-disable-related-posts":"","theme-transparent-header-meta":"","adv-header-id-meta":"","stick-header-meta":"","header-above-stick-meta":"","header-main-stick-meta":"","header-below-stick-meta":"","astra-migrate-meta-layouts":"default","ast-page-background-enabled":"default","ast-page-background-meta":{"desktop":{"background-color":"var(--ast-global-color-5)","background-image":"","background-repeat":"repeat","background-position":"center center","background-size":"auto","background-attachment":"scroll","background-type":"","background-media":"","overlay-type":"","overlay-color":"","overlay-opacity":"","overlay-gradient":""},"tablet":{"background-color":"","background-image":"","background-repeat":"repeat","background-position":"center center","background-size":"auto","background-attachment":"scroll","background-type":"","background-media":"","overlay-type":"","overlay-color":"","overlay-opacity":"","overlay-gradient":""},"mobile":{"background-color":"","background-image":"","background-repeat":"repeat","background-position":"center center","background-size":"auto","background-attachment":"scroll","background-type":"","background-media":"","overlay-type":"","overlay-color":"","overlay-opacity":"","overlay-gradient":""}},"ast-content-background-meta":{"desktop":{"background-color":"var(--ast-global-color-4)","background-image":"","background-repeat":"repeat","background-position":"center center","background-size":"auto","background-attachment":"scroll","background-type":"","background-media":"","overlay-type":"","overlay-color":"","overlay-opacity":"","overlay-gradient":""},"tablet":{"background-color":"var(--ast-global-color-4)","background-image":"","background-repeat":"repeat","background-position":"center center","background-size":"auto","background-attachment":"scroll","background-type":"","background-media":"","overlay-type":"","overlay-color":"","overlay-opacity":"","overlay-gradient":""},"mobile":{"background-color":"var(--ast-global-color-4)","background-image":"","background-repeat":"repeat","background-position":"center center","background-size":"auto","background-attachment":"scroll","background-type":"","background-media":"","overlay-type":"","overlay-color":"","overlay-opacity":"","overlay-gradient":""}},"footnotes":""},"class_list":["post-7802","page","type-page","status-publish","hentry"],"_links":{"self":[{"href":"https:\/\/vikingip.com\/it\/wp-json\/wp\/v2\/pages\/7802","targetHints":{"allow":["GET"]}}],"collection":[{"href":"https:\/\/vikingip.com\/it\/wp-json\/wp\/v2\/pages"}],"about":[{"href":"https:\/\/vikingip.com\/it\/wp-json\/wp\/v2\/types\/page"}],"author":[{"embeddable":true,"href":"https:\/\/vikingip.com\/it\/wp-json\/wp\/v2\/users\/1"}],"replies":[{"embeddable":true,"href":"https:\/\/vikingip.com\/it\/wp-json\/wp\/v2\/comments?post=7802"}],"version-history":[{"count":48,"href":"https:\/\/vikingip.com\/it\/wp-json\/wp\/v2\/pages\/7802\/revisions"}],"predecessor-version":[{"id":11265,"href":"https:\/\/vikingip.com\/it\/wp-json\/wp\/v2\/pages\/7802\/revisions\/11265"}],"wp:attachment":[{"href":"https:\/\/vikingip.com\/it\/wp-json\/wp\/v2\/media?parent=7802"}],"curies":[{"name":"wp","href":"https:\/\/api.w.org\/{rel}","templated":true}]}}