{"id":6131,"date":"2025-03-09T01:07:48","date_gmt":"2025-03-09T01:07:48","guid":{"rendered":"https:\/\/vikingip.com\/?page_id=6131"},"modified":"2025-06-14T17:10:07","modified_gmt":"2025-06-14T17:10:07","slug":"terms-and-conditions","status":"publish","type":"page","link":"https:\/\/vikingip.com\/it\/terms-and-conditions\/","title":{"rendered":"Termini e Condizioni"},"content":{"rendered":"<div data-elementor-type=\"wp-page\" data-elementor-id=\"6131\" class=\"elementor elementor-6131\" data-elementor-post-type=\"page\">\n\t\t\t\t\t\t<section class=\"elementor-section elementor-top-section elementor-element elementor-element-a3880da elementor-section-height-min-height elementor-section-boxed elementor-section-height-default elementor-section-items-middle\" data-id=\"a3880da\" data-element_type=\"section\" data-e-type=\"section\" data-settings=\"{&quot;background_background&quot;:&quot;classic&quot;}\">\n\t\t\t\t\t\t<div class=\"elementor-container elementor-column-gap-default\">\n\t\t\t\t\t<div class=\"elementor-column elementor-col-100 elementor-top-column elementor-element elementor-element-0a980f9\" data-id=\"0a980f9\" data-element_type=\"column\" data-e-type=\"column\">\n\t\t\t<div class=\"elementor-widget-wrap elementor-element-populated\">\n\t\t\t\t\t\t<div class=\"elementor-element elementor-element-3dd3672 elementor-widget elementor-widget-heading\" data-id=\"3dd3672\" data-element_type=\"widget\" data-e-type=\"widget\" data-widget_type=\"heading.default\">\n\t\t\t\t<div class=\"elementor-widget-container\">\n\t\t\t\t\t<h3 class=\"elementor-heading-title elementor-size-default\">Home \/ Termini e condizioni<\/h3>\t\t\t\t<\/div>\n\t\t\t\t<\/div>\n\t\t\t\t<div class=\"elementor-element elementor-element-f60b258 elementor-widget elementor-widget-heading\" data-id=\"f60b258\" data-element_type=\"widget\" data-e-type=\"widget\" data-widget_type=\"heading.default\">\n\t\t\t\t<div class=\"elementor-widget-container\">\n\t\t\t\t\t<h2 class=\"elementor-heading-title elementor-size-default\">Termini e Condizioni<\/h2>\t\t\t\t<\/div>\n\t\t\t\t<\/div>\n\t\t\t\t\t<\/div>\n\t\t<\/div>\n\t\t\t\t\t<\/div>\n\t\t<\/section>\n\t\t\t\t<section class=\"elementor-section elementor-top-section elementor-element elementor-element-d776ee8 elementor-section-boxed elementor-section-height-default elementor-section-height-default\" data-id=\"d776ee8\" data-element_type=\"section\" data-e-type=\"section\">\n\t\t\t\t\t\t<div class=\"elementor-container elementor-column-gap-default\">\n\t\t\t\t\t<div class=\"elementor-column elementor-col-100 elementor-top-column elementor-element elementor-element-807d73b\" data-id=\"807d73b\" data-element_type=\"column\" data-e-type=\"column\">\n\t\t\t<div class=\"elementor-widget-wrap elementor-element-populated\">\n\t\t\t\t\t\t<div class=\"elementor-element elementor-element-b8dbe1d elementor-widget-divider--view-line elementor-widget elementor-widget-divider\" data-id=\"b8dbe1d\" data-element_type=\"widget\" data-e-type=\"widget\" data-widget_type=\"divider.default\">\n\t\t\t\t<div class=\"elementor-widget-container\">\n\t\t\t\t\t\t\t<div class=\"elementor-divider\">\n\t\t\t<span class=\"elementor-divider-separator\">\n\t\t\t\t\t\t<\/span>\n\t\t<\/div>\n\t\t\t\t\t\t<\/div>\n\t\t\t\t<\/div>\n\t\t\t\t\t<\/div>\n\t\t<\/div>\n\t\t\t\t\t<\/div>\n\t\t<\/section>\n\t\t\t\t<section class=\"elementor-section elementor-top-section elementor-element elementor-element-4bc596b elementor-section-boxed elementor-section-height-default elementor-section-height-default\" data-id=\"4bc596b\" data-element_type=\"section\" data-e-type=\"section\">\n\t\t\t\t\t\t<div class=\"elementor-container elementor-column-gap-default\">\n\t\t\t\t\t<div class=\"elementor-column elementor-col-100 elementor-top-column elementor-element elementor-element-7f6d25a\" data-id=\"7f6d25a\" data-element_type=\"column\" data-e-type=\"column\">\n\t\t\t<div class=\"elementor-widget-wrap elementor-element-populated\">\n\t\t\t\t\t\t<div class=\"elementor-element elementor-element-1ee3193 elementor-widget elementor-widget-text-editor\" data-id=\"1ee3193\" data-element_type=\"widget\" data-e-type=\"widget\" data-widget_type=\"text-editor.default\">\n\t\t\t\t<div class=\"elementor-widget-container\">\n\t\t\t\t\t\t\t\t\t<p><span style=\"color: #5b43e6;\"><strong>Termini e condizioni generali di contratto<\/strong><\/span><br \/>Si prega di leggere attentamente i presenti Termini e Condizioni prima di utilizzare il nostro Servizio.<\/p><p>Interpretazione e definizioni<br \/>interpretazione<br \/>I termini con la lettera maiuscola hanno il significato definito di seguito. Queste definizioni si applicano indipendentemente dal fatto che appaiano al singolare o al plurale.<\/p><p><span style=\"color: #5b43e6;\"><strong>Definizioni<\/strong><\/span><br \/>Ai fini delle presenti Condizioni Generali:<\/p><ul><li>Affiliato significa un&#039;entit\u00e0 che controlla, \u00e8 controllata da o \u00e8 sotto il controllo comune di una parte, dove &quot;controllo&quot; significa propriet\u00e0 del 50% o pi\u00f9 delle azioni, partecipazione al capitale o altri titoli con diritto di voto per l&#039;elezione degli amministratori o di altri dirigenti.<\/li><li>Il paese si riferisce a: California, Stati Uniti.<\/li><li>La Societ\u00e0 (indicata nel presente Contratto come &quot;Flixonova&quot;, &quot;noi&quot;, &quot;ci&quot; o &quot;nostro&quot;) si riferisce a Flixonova.<\/li><li>Per dispositivo si intende qualsiasi dispositivo che pu\u00f2 accedere al Servizio, ad esempio: Ad esempio un computer, un telefono cellulare o un tablet.<\/li><li>Per Servizio si intende il Sito web.<\/li><li>Per Termini e Condizioni (anche denominati &quot;Termini&quot;) si intende il presente accordo, che costituisce l&#039;intero accordo tra te e Flixonova in merito all&#039;utilizzo del Servizio. Questi termini sono stati creati utilizzando il generatore TermsFeed.<\/li><li>I Servizi di social media di terze parti sono servizi o contenuti (inclusi dati, informazioni, prodotti o servizi) forniti da terze parti che possono essere visualizzati, inclusi o resi disponibili tramite il Servizio.<\/li><li>Il sito web fa riferimento a Flixonova, accessibile all&#039;indirizzo flixiptv.one.<\/li><\/ul><p>Con &quot;Tu&quot; si intende la persona che accede o utilizza il Servizio, oppure la societ\u00e0 o altra entit\u00e0 giuridica per conto della quale tale persona utilizza il Servizio.<\/p><p><span style=\"color: #5b43e6;\"><strong>Utilizzo del servizio<\/strong><\/span><br \/>I presenti Termini regolano l&#039;utilizzo del Servizio e costituiscono l&#039;accordo tra te e Flixonova. Accedendo o utilizzando il Servizio, accetti di essere vincolato dai presenti Termini. Se non sei d&#039;accordo con una qualsiasi parte di questi Termini, non potrai utilizzare il Servizio.<\/p><p>Dichiari di avere pi\u00f9 di 18 anni. Flixonova non consente l&#039;utilizzo del Servizio da parte di persone di et\u00e0 inferiore a 18 anni.<\/p><p>Anche il consenso all\u2019informativa sulla privacy di Flixonova \u00e8 un prerequisito per l\u2019utilizzo del servizio. In questa informativa vengono descritte le modalit\u00e0 di raccolta, utilizzo e divulgazione dei tuoi dati e ti vengono fornite informazioni sui tuoi diritti e sulla protezione dei tuoi dati.<\/p><p><span style=\"color: #5b43e6;\"><strong>Collegamenti ad altri siti web<\/strong><\/span><br \/>Il nostro Servizio potrebbe contenere link a siti web o servizi di terze parti che non sono di propriet\u00e0 o controllati da Flixonova. Non ci assumiamo alcuna responsabilit\u00e0 per i contenuti, le politiche sulla privacy o le pratiche di terze parti. L&#039;utente riconosce che Flixonova non \u00e8 responsabile per eventuali danni derivanti dall&#039;utilizzo di tali contenuti o servizi.<\/p><p><span style=\"color: #5b43e6;\"><strong>Risoluzione<\/strong><\/span><br \/>In caso di violazione dei presenti Termini, potremmo interrompere o sospendere immediatamente e senza preavviso il tuo accesso al Servizio. Dopo la risoluzione, il diritto d&#039;uso decade immediatamente.<\/p><p><span style=\"color: #5b43e6;\">Limitazione di responsabilit\u00e0<\/span><br \/>Nonostante gli eventuali danni subiti, la responsabilit\u00e0 totale di Flixonova e dei suoi fornitori sar\u00e0 limitata all&#039;importo da voi pagato tramite il Servizio o a 100 USD se non avete effettuato alcun pagamento.<\/p><p>Nella misura consentita dalla legge, n\u00e9 Flixonova n\u00e9 i suoi fornitori saranno ritenuti responsabili per eventuali danni indiretti, speciali o consequenziali, inclusi mancati profitti, perdita di dati, interruzione dell&#039;attivit\u00e0, lesioni personali o violazione della privacy, anche se Flixonova \u00e8 stata informata della possibilit\u00e0 di tali danni.<\/p><p>Alcuni stati non consentono la limitazione di responsabilit\u00e0, pertanto alcune di queste limitazioni potrebbero non essere applicabili al tuo caso.<\/p><p><strong><span style=\"color: #5b43e6;\">Dichiarazione di non responsabilit\u00e0 &quot;COS\u00cc COM&#039;\u00c8&quot; e &quot;COME DISPONIBILE&quot;<\/span><\/strong><br \/>Il Servizio viene fornito &quot;COS\u00cc COM&#039;\u00c8&quot; e &quot;COME DISPONIBILE&quot; senza alcuna garanzia di alcun tipo. Flixonova declina espressamente ogni garanzia, comprese le garanzie implicite di commerciabilit\u00e0, idoneit\u00e0 per uno scopo particolare e non violazione.<\/p><p>Non garantiamo che il Servizio sar\u00e0 privo di errori, ininterrotto o sicuro, n\u00e9 che eventuali difetti verranno corretti.<\/p><p>Poich\u00e9 alcuni Paesi non consentono determinate esclusioni di garanzia, queste limitazioni potrebbero non essere applicabili al tuo caso.<\/p><p><strong><span style=\"color: #5b43e6;\">Legge applicabile<\/span><\/strong><br \/>I presenti Termini sono regolati dalle leggi del Paese specificato (California, USA), escluse le disposizioni sui conflitti di legge. Potrebbero essere applicate ulteriori normative locali, nazionali o internazionali.<\/p><p><strong><span style=\"color: #5b43e6;\">Risoluzione delle controversie<\/span><\/strong><br \/>In caso di controversia, l&#039;utente accetta di contattare prima Flixonova per risolvere la questione in modo informale.<\/p><ul><li>Per gli utenti UE<br \/>Se sei un consumatore nell&#039;UE, puoi beneficiare delle disposizioni obbligatorie del paese in cui risiedi.<\/li><li>Conformit\u00e0 legale degli Stati Uniti<br \/>Dichiari che (i) non ti trovi in un paese soggetto a embargo da parte degli Stati Uniti o designato come paese che \u201csostenitore del terrorismo\u201d e (ii) non sei presente in alcuna lista di paesi proibiti dagli Stati Uniti.<\/li><\/ul><p><strong><span style=\"color: #5b43e6;\">Separabilit\u00e0 e rinuncia<\/span><\/strong><br \/>Se una qualsiasi disposizione delle presenti Condizioni dovesse essere ritenuta non valida o inapplicabile, le restanti disposizioni resteranno in vigore. La mancata applicazione di un diritto non costituisce una rinuncia a tale diritto o a qualsiasi altro diritto.<\/p><p><strong><span style=\"color: #5b43e6;\">Interpretazione della traduzione<\/span><\/strong><br \/>Questi termini e condizioni potrebbero essere stati tradotti. In caso di controversia, prevarr\u00e0 la versione originale in lingua inglese.<\/p><p><span style=\"color: #5b43e6;\"><strong>Modifiche a questi termini e condizioni<\/strong><\/span><br \/>Ci riserviamo il diritto di modificare i presenti termini e condizioni in qualsiasi momento. Vi informeremo di eventuali modifiche significative entro un periodo di tempo ragionevole. Continuando a utilizzare il nostro Servizio dopo l&#039;entrata in vigore delle modifiche, accetti di essere vincolato dai nuovi termini.<\/p><p>Se non accetti i nuovi termini, ti preghiamo di interrompere l&#039;utilizzo del nostro servizio.<\/p><p><strong><span style=\"color: #5b43e6;\">contatto<\/span><\/strong><br \/>Se avete domande su questi termini e condizioni, vi preghiamo di contattarci via e-mail:<br \/><strong><span style=\"color: #5b43e6;\">flixonova@gmail.com<\/span><\/strong><\/p><p>\u00a0<\/p>\t\t\t\t\t\t\t\t<\/div>\n\t\t\t\t<\/div>\n\t\t\t\t\t<\/div>\n\t\t<\/div>\n\t\t\t\t\t<\/div>\n\t\t<\/section>\n\t\t\t\t<section class=\"elementor-section elementor-top-section elementor-element elementor-element-b80cd24 elementor-section-boxed elementor-section-height-default elementor-section-height-default\" data-id=\"b80cd24\" data-element_type=\"section\" data-e-type=\"section\">\n\t\t\t\t\t\t<div class=\"elementor-container elementor-column-gap-default\">\n\t\t\t\t\t<div class=\"elementor-column elementor-col-100 elementor-top-column elementor-element elementor-element-d8b4f0f\" data-id=\"d8b4f0f\" data-element_type=\"column\" data-e-type=\"column\">\n\t\t\t<div class=\"elementor-widget-wrap elementor-element-populated\">\n\t\t\t\t\t\t<div class=\"elementor-element elementor-element-8a1257d elementor-widget elementor-widget-heading\" data-id=\"8a1257d\" data-element_type=\"widget\" data-e-type=\"widget\" data-widget_type=\"heading.default\">\n\t\t\t\t<div class=\"elementor-widget-container\">\n\t\t\t\t\t<h2 class=\"elementor-heading-title elementor-size-default\">Contatto tramite WhatsApp o e-mail <\/h2>\t\t\t\t<\/div>\n\t\t\t\t<\/div>\n\t\t\t\t<div class=\"elementor-element elementor-element-8c7771b elementor-invisible elementor-widget elementor-widget-heading\" data-id=\"8c7771b\" data-element_type=\"widget\" data-e-type=\"widget\" data-settings=\"{&quot;_animation&quot;:&quot;fadeInUp&quot;}\" data-widget_type=\"heading.default\">\n\t\t\t\t<div class=\"elementor-widget-container\">\n\t\t\t\t\t<h2 class=\"elementor-heading-title elementor-size-default\">Hai altre domande? Siamo qui per te 24 ore su 24<\/h2>\t\t\t\t<\/div>\n\t\t\t\t<\/div>\n\t\t\t\t\t<\/div>\n\t\t<\/div>\n\t\t\t\t\t<\/div>\n\t\t<\/section>\n\t\t\t\t<section class=\"elementor-section elementor-top-section elementor-element elementor-element-8f59a8c elementor-section-boxed elementor-section-height-default elementor-section-height-default\" data-id=\"8f59a8c\" data-element_type=\"section\" data-e-type=\"section\" data-settings=\"{&quot;background_background&quot;:&quot;classic&quot;}\">\n\t\t\t\t\t\t<div class=\"elementor-container elementor-column-gap-default\">\n\t\t\t\t\t<div class=\"elementor-column elementor-col-33 elementor-top-column elementor-element elementor-element-5bfe396\" data-id=\"5bfe396\" data-element_type=\"column\" data-e-type=\"column\" data-settings=\"{&quot;background_background&quot;:&quot;gradient&quot;}\">\n\t\t\t<div class=\"elementor-widget-wrap elementor-element-populated\">\n\t\t\t\t\t\t<div class=\"elementor-element elementor-element-28c3b7f elementor-position-top elementor-widget elementor-widget-image-box\" data-id=\"28c3b7f\" data-element_type=\"widget\" data-e-type=\"widget\" data-widget_type=\"image-box.default\">\n\t\t\t\t<div class=\"elementor-widget-container\">\n\t\t\t\t\t<div class=\"elementor-image-box-wrapper\"><figure class=\"elementor-image-box-img\"><a href=\"mailto:flixonova@gmail.com\" tabindex=\"-1\"><img decoding=\"async\" width=\"65\" height=\"65\" src=\"https:\/\/vikingip.com\/wp-content\/uploads\/2025\/02\/logos_google-gmail-1.png\" class=\"attachment-full size-full wp-image-2495\" alt=\"Kontakta oss p\u00e5 Monster IPTV \u2013 Gmail\" \/><\/a><\/figure><div class=\"elementor-image-box-content\"><h3 class=\"elementor-image-box-title\"><a href=\"mailto:flixonova@gmail.com\">Supporto via e-mail<\/a><\/h3><p class=\"elementor-image-box-description\">flixonova@gmail.com\n<\/p><\/div><\/div>\t\t\t\t<\/div>\n\t\t\t\t<\/div>\n\t\t\t\t\t<\/div>\n\t\t<\/div>\n\t\t\t\t<div class=\"elementor-column elementor-col-33 elementor-top-column elementor-element elementor-element-6a26c03\" data-id=\"6a26c03\" data-element_type=\"column\" data-e-type=\"column\" data-settings=\"{&quot;background_background&quot;:&quot;gradient&quot;}\">\n\t\t\t<div class=\"elementor-widget-wrap elementor-element-populated\">\n\t\t\t\t\t\t<div class=\"elementor-element elementor-element-dee01d3 elementor-position-top elementor-widget elementor-widget-image-box\" data-id=\"dee01d3\" data-element_type=\"widget\" data-e-type=\"widget\" data-widget_type=\"image-box.default\">\n\t\t\t\t<div class=\"elementor-widget-container\">\n\t\t\t\t\t<div class=\"elementor-image-box-wrapper\"><figure class=\"elementor-image-box-img\"><a href=\"https:\/\/wa.me\/212771405727\" tabindex=\"-1\" target=\"_blank\" rel=\"noopener\"><img decoding=\"async\" width=\"65\" height=\"65\" src=\"https:\/\/vikingip.com\/wp-content\/uploads\/2025\/02\/ri_whatsapp-fill-1.png\" class=\"attachment-full size-full wp-image-2497\" alt=\"Kontakta oss p\u00e5 Monster IPTV \u2013 WhatsApp\" \/><\/a><\/figure><div class=\"elementor-image-box-content\"><h3 class=\"elementor-image-box-title\"><a href=\"https:\/\/wa.me\/212771405727\" target=\"_blank\" rel=\"noopener\">Numero WhatsApp<\/a><\/h3><p class=\"elementor-image-box-description\">+212 771-405727<\/p><\/div><\/div>\t\t\t\t<\/div>\n\t\t\t\t<\/div>\n\t\t\t\t\t<\/div>\n\t\t<\/div>\n\t\t\t\t<div class=\"elementor-column elementor-col-33 elementor-top-column elementor-element elementor-element-43a7efe\" data-id=\"43a7efe\" data-element_type=\"column\" data-e-type=\"column\" data-settings=\"{&quot;background_background&quot;:&quot;gradient&quot;}\">\n\t\t\t<div class=\"elementor-widget-wrap elementor-element-populated\">\n\t\t\t\t\t\t<div class=\"elementor-element elementor-element-7bcc3bc elementor-position-top elementor-widget elementor-widget-image-box\" data-id=\"7bcc3bc\" data-element_type=\"widget\" data-e-type=\"widget\" data-widget_type=\"image-box.default\">\n\t\t\t\t<div class=\"elementor-widget-container\">\n\t\t\t\t\t<div class=\"elementor-image-box-wrapper\"><figure class=\"elementor-image-box-img\"><a href=\"https:\/\/t.me\/Flixonova\" tabindex=\"-1\"><img decoding=\"async\" width=\"65\" height=\"65\" src=\"https:\/\/vikingip.com\/wp-content\/uploads\/2025\/02\/logos_telegram-1.png\" class=\"attachment-full size-full wp-image-2496\" alt=\"Kontakta oss p\u00e5 Monster IPTV \u2013 Telegram\" \/><\/a><\/figure><div class=\"elementor-image-box-content\"><h3 class=\"elementor-image-box-title\"><a href=\"https:\/\/t.me\/Flixonova\">Indirizzo Telegram<\/a><\/h3><p class=\"elementor-image-box-description\">@Flixonova<\/p><\/div><\/div>\t\t\t\t<\/div>\n\t\t\t\t<\/div>\n\t\t\t\t\t<\/div>\n\t\t<\/div>\n\t\t\t\t\t<\/div>\n\t\t<\/section>\n\t\t<div class=\"elementor-element elementor-element-be1d6c3 e-flex e-con-boxed e-con e-parent\" data-id=\"be1d6c3\" data-element_type=\"container\" data-e-type=\"container\">\n\t\t\t\t\t<div class=\"e-con-inner\">\n\t\t\t\t<div class=\"elementor-element elementor-element-483b314 elementor-widget-divider--view-line elementor-widget elementor-widget-divider\" data-id=\"483b314\" data-element_type=\"widget\" data-e-type=\"widget\" data-widget_type=\"divider.default\">\n\t\t\t\t<div class=\"elementor-widget-container\">\n\t\t\t\t\t\t\t<div class=\"elementor-divider\">\n\t\t\t<span class=\"elementor-divider-separator\">\n\t\t\t\t\t\t<\/span>\n\t\t<\/div>\n\t\t\t\t\t\t<\/div>\n\t\t\t\t<\/div>\n\t\t\t\t\t<\/div>\n\t\t\t\t<\/div>\n\t\t\t\t<\/div>","protected":false},"excerpt":{"rendered":"<p>Startseite \/ Gesch\u00e4ftsbedingungen Gesch\u00e4ftsbedingungen Allgemeine Gesch\u00e4ftsbedingungenBitte lesen Sie diese Allgemeinen Gesch\u00e4ftsbedingungen sorgf\u00e4ltig durch, bevor Sie unseren Service nutzen. Auslegung und [&hellip;]<\/p>\n","protected":false},"author":1,"featured_media":0,"parent":0,"menu_order":0,"comment_status":"closed","ping_status":"closed","template":"","meta":{"site-sidebar-layout":"no-sidebar","site-content-layout":"","ast-site-content-layout":"full-width-container","site-content-style":"default","site-sidebar-style":"default","ast-global-header-display":"","ast-banner-title-visibility":"","ast-main-header-display":"","ast-hfb-above-header-display":"","ast-hfb-below-header-display":"","ast-hfb-mobile-header-display":"","site-post-title":"","ast-breadcrumbs-content":"","ast-featured-img":"disabled","footer-sml-layout":"","ast-disable-related-posts":"","theme-transparent-header-meta":"","adv-header-id-meta":"","stick-header-meta":"","header-above-stick-meta":"","header-main-stick-meta":"","header-below-stick-meta":"","astra-migrate-meta-layouts":"default","ast-page-background-enabled":"default","ast-page-background-meta":{"desktop":{"background-color":"var(--ast-global-color-5)","background-image":"","background-repeat":"repeat","background-position":"center center","background-size":"auto","background-attachment":"scroll","background-type":"","background-media":"","overlay-type":"","overlay-color":"","overlay-opacity":"","overlay-gradient":""},"tablet":{"background-color":"","background-image":"","background-repeat":"repeat","background-position":"center center","background-size":"auto","background-attachment":"scroll","background-type":"","background-media":"","overlay-type":"","overlay-color":"","overlay-opacity":"","overlay-gradient":""},"mobile":{"background-color":"","background-image":"","background-repeat":"repeat","background-position":"center center","background-size":"auto","background-attachment":"scroll","background-type":"","background-media":"","overlay-type":"","overlay-color":"","overlay-opacity":"","overlay-gradient":""}},"ast-content-background-meta":{"desktop":{"background-color":"var(--ast-global-color-4)","background-image":"","background-repeat":"repeat","background-position":"center center","background-size":"auto","background-attachment":"scroll","background-type":"","background-media":"","overlay-type":"","overlay-color":"","overlay-opacity":"","overlay-gradient":""},"tablet":{"background-color":"var(--ast-global-color-4)","background-image":"","background-repeat":"repeat","background-position":"center center","background-size":"auto","background-attachment":"scroll","background-type":"","background-media":"","overlay-type":"","overlay-color":"","overlay-opacity":"","overlay-gradient":""},"mobile":{"background-color":"var(--ast-global-color-4)","background-image":"","background-repeat":"repeat","background-position":"center center","background-size":"auto","background-attachment":"scroll","background-type":"","background-media":"","overlay-type":"","overlay-color":"","overlay-opacity":"","overlay-gradient":""}},"footnotes":""},"class_list":["post-6131","page","type-page","status-publish","hentry"],"_links":{"self":[{"href":"https:\/\/vikingip.com\/it\/wp-json\/wp\/v2\/pages\/6131","targetHints":{"allow":["GET"]}}],"collection":[{"href":"https:\/\/vikingip.com\/it\/wp-json\/wp\/v2\/pages"}],"about":[{"href":"https:\/\/vikingip.com\/it\/wp-json\/wp\/v2\/types\/page"}],"author":[{"embeddable":true,"href":"https:\/\/vikingip.com\/it\/wp-json\/wp\/v2\/users\/1"}],"replies":[{"embeddable":true,"href":"https:\/\/vikingip.com\/it\/wp-json\/wp\/v2\/comments?post=6131"}],"version-history":[{"count":36,"href":"https:\/\/vikingip.com\/it\/wp-json\/wp\/v2\/pages\/6131\/revisions"}],"predecessor-version":[{"id":11292,"href":"https:\/\/vikingip.com\/it\/wp-json\/wp\/v2\/pages\/6131\/revisions\/11292"}],"wp:attachment":[{"href":"https:\/\/vikingip.com\/it\/wp-json\/wp\/v2\/media?parent=6131"}],"curies":[{"name":"wp","href":"https:\/\/api.w.org\/{rel}","templated":true}]}}