{"id":7802,"date":"2025-03-23T23:39:12","date_gmt":"2025-03-23T23:39:12","guid":{"rendered":"https:\/\/vikingip.com\/?page_id=7802"},"modified":"2025-06-14T17:02:39","modified_gmt":"2025-06-14T17:02:39","slug":"dmca","status":"publish","type":"page","link":"https:\/\/vikingip.com\/fr\/dmca\/","title":{"rendered":"DMCA"},"content":{"rendered":"<div data-elementor-type=\"wp-page\" data-elementor-id=\"7802\" class=\"elementor elementor-7802\" data-elementor-post-type=\"page\">\n\t\t\t\t\t\t<section class=\"elementor-section elementor-top-section elementor-element elementor-element-2e598c5 elementor-section-height-min-height elementor-section-boxed elementor-section-height-default elementor-section-items-middle\" data-id=\"2e598c5\" data-element_type=\"section\" data-e-type=\"section\" data-settings=\"{&quot;background_background&quot;:&quot;classic&quot;}\">\n\t\t\t\t\t\t<div class=\"elementor-container elementor-column-gap-default\">\n\t\t\t\t\t<div class=\"elementor-column elementor-col-100 elementor-top-column elementor-element elementor-element-b66ea19\" data-id=\"b66ea19\" data-element_type=\"column\" data-e-type=\"column\">\n\t\t\t<div class=\"elementor-widget-wrap elementor-element-populated\">\n\t\t\t\t\t\t<div class=\"elementor-element elementor-element-2d6c856 elementor-widget elementor-widget-heading\" data-id=\"2d6c856\" data-element_type=\"widget\" data-e-type=\"widget\" data-widget_type=\"heading.default\">\n\t\t\t\t<div class=\"elementor-widget-container\">\n\t\t\t\t\t<h3 class=\"elementor-heading-title elementor-size-default\">Accueil \/ DMCA<\/h3>\t\t\t\t<\/div>\n\t\t\t\t<\/div>\n\t\t\t\t<div class=\"elementor-element elementor-element-2f42996 elementor-widget elementor-widget-heading\" data-id=\"2f42996\" data-element_type=\"widget\" data-e-type=\"widget\" data-widget_type=\"heading.default\">\n\t\t\t\t<div class=\"elementor-widget-container\">\n\t\t\t\t\t<h2 class=\"elementor-heading-title elementor-size-default\">Avis de non-responsabilit\u00e9 DMCA<\/h2>\t\t\t\t<\/div>\n\t\t\t\t<\/div>\n\t\t\t\t\t<\/div>\n\t\t<\/div>\n\t\t\t\t\t<\/div>\n\t\t<\/section>\n\t\t\t\t<section class=\"elementor-section elementor-top-section elementor-element elementor-element-6594bbc elementor-section-boxed elementor-section-height-default elementor-section-height-default\" data-id=\"6594bbc\" data-element_type=\"section\" data-e-type=\"section\">\n\t\t\t\t\t\t<div class=\"elementor-container elementor-column-gap-default\">\n\t\t\t\t\t<div class=\"elementor-column elementor-col-100 elementor-top-column elementor-element elementor-element-896b2b2\" data-id=\"896b2b2\" data-element_type=\"column\" data-e-type=\"column\">\n\t\t\t<div class=\"elementor-widget-wrap elementor-element-populated\">\n\t\t\t\t\t\t<div class=\"elementor-element elementor-element-2912f38 elementor-widget-divider--view-line elementor-widget elementor-widget-divider\" data-id=\"2912f38\" data-element_type=\"widget\" data-e-type=\"widget\" data-widget_type=\"divider.default\">\n\t\t\t\t<div class=\"elementor-widget-container\">\n\t\t\t\t\t\t\t<div class=\"elementor-divider\">\n\t\t\t<span class=\"elementor-divider-separator\">\n\t\t\t\t\t\t<\/span>\n\t\t<\/div>\n\t\t\t\t\t\t<\/div>\n\t\t\t\t<\/div>\n\t\t\t\t\t<\/div>\n\t\t<\/div>\n\t\t\t\t\t<\/div>\n\t\t<\/section>\n\t\t\t\t<section class=\"elementor-section elementor-top-section elementor-element elementor-element-4bc596b elementor-section-boxed elementor-section-height-default elementor-section-height-default\" data-id=\"4bc596b\" data-element_type=\"section\" data-e-type=\"section\">\n\t\t\t\t\t\t<div class=\"elementor-container elementor-column-gap-default\">\n\t\t\t\t\t<div class=\"elementor-column elementor-col-100 elementor-top-column elementor-element elementor-element-7f6d25a\" data-id=\"7f6d25a\" data-element_type=\"column\" data-e-type=\"column\">\n\t\t\t<div class=\"elementor-widget-wrap elementor-element-populated\">\n\t\t\t\t\t\t<div class=\"elementor-element elementor-element-1ee3193 elementor-widget elementor-widget-text-editor\" data-id=\"1ee3193\" data-element_type=\"widget\" data-e-type=\"widget\" data-widget_type=\"text-editor.default\">\n\t\t\t\t<div class=\"elementor-widget-container\">\n\t\t\t\t\t\t\t\t\t<p class=\"\" data-start=\"136\" data-end=\"573\"><span style=\"color: #5b43e6;\"><strong data-start=\"136\" data-end=\"174\">1. Avis de non-responsabilit\u00e9 concernant le contenu :<\/strong><\/span><br data-start=\"174\" data-end=\"177\" \/>Flixonova n&#039;h\u00e9berge ni ne diffuse aucune cha\u00eene de t\u00e9l\u00e9vision directement depuis ses serveurs et n&#039;a aucune affiliation avec les fournisseurs de ces cha\u00eenes. Flixonova d\u00e9cline toute responsabilit\u00e9 en cas de violation des droits d&#039;auteur li\u00e9e aux contenus li\u00e9s ou int\u00e9gr\u00e9s \u00e0 son site web. Pour toute question d&#039;ordre juridique, veuillez contacter directement le propri\u00e9taire du m\u00e9dia en streaming.<\/p><p class=\"\" data-start=\"575\" data-end=\"1065\"><span style=\"color: #5b43e6;\"><strong data-start=\"575\" data-end=\"614\">2. R\u00f4le en tant que fournisseur de services en ligne :<\/strong><\/span><br data-start=\"614\" data-end=\"617\" \/>Conform\u00e9ment au Digital Millennium Copyright Act (DMCA), Flixonova est reconnu comme fournisseur de services en ligne. Nous permettons aux titulaires l\u00e9gitimes de droits d&#039;auteur de publier du contenu en toute ind\u00e9pendance sur Internet en recherchant, int\u00e9grant et affichant divers types de m\u00e9dias. Nous n&#039;exploitons aucun service de streaming. Flixonova prend tr\u00e8s au s\u00e9rieux la violation du droit d&#039;auteur et s&#039;engage \u00e0 prot\u00e9ger les droits des titulaires l\u00e9gitimes de droits d&#039;auteur.<\/p><p class=\"\" data-start=\"1067\" data-end=\"1365\"><span style=\"color: #5b43e6;\"><strong data-start=\"1067\" data-end=\"1107\">3. Signaler les violations du droit d\u2019auteur :<\/strong><\/span><br data-start=\"1107\" data-end=\"1110\" \/>Si vous \u00eates titulaire de droits d&#039;auteur et que votre contenu appara\u00eet sur le site web ou le service Flixonova sans autorisation, vous devez nous en informer par \u00e9crit afin que nous puissions prendre les mesures appropri\u00e9es. Votre notification doit inclure les \u00e9l\u00e9ments suivants\u00a0:<\/p><ul data-start=\"1367\" data-end=\"2440\"><li class=\"\" data-start=\"1367\" data-end=\"1598\"><p class=\"\" data-start=\"1369\" data-end=\"1598\"><strong data-start=\"1369\" data-end=\"1427\">Identification de l&#039;\u0153uvre prot\u00e9g\u00e9e par le droit d&#039;auteur :<\/strong> Une identification claire de l&#039;\u0153uvre prot\u00e9g\u00e9e par le droit d&#039;auteur dont la violation est all\u00e9gu\u00e9e. Si plusieurs \u0153uvres sont viol\u00e9es, une liste repr\u00e9sentative doit \u00eatre fournie.<\/p><\/li><li class=\"\" data-start=\"1599\" data-end=\"1784\"><p class=\"\" data-start=\"1601\" data-end=\"1784\"><strong data-start=\"1601\" data-end=\"1636\">Localisation du mat\u00e9riel contrefaisant :<\/strong> Une description d\u00e9taill\u00e9e de l&#039;endroit o\u00f9 se trouve le mat\u00e9riel pr\u00e9tendument contrefaisant sur le site Web de Flixonova, y compris les URL sp\u00e9cifiques.<\/p><\/li><li class=\"\" data-start=\"1785\" data-end=\"1928\"><p class=\"\" data-start=\"1787\" data-end=\"1928\"><strong data-start=\"1787\" data-end=\"1812\">Coordonn\u00e9es:<\/strong> Des informations suffisantes pour vous contacter, telles que votre nom, votre adresse, votre num\u00e9ro de t\u00e9l\u00e9phone et votre adresse e-mail.<\/p><\/li><li class=\"\" data-start=\"1929\" data-end=\"2162\"><p class=\"\" data-start=\"1931\" data-end=\"2162\"><strong data-start=\"1931\" data-end=\"1960\">D\u00e9claration de bonne foi :<\/strong> Une d\u00e9claration selon laquelle vous croyez de bonne foi que l\u2019utilisation du mat\u00e9riel de la mani\u00e8re faisant l\u2019objet de la plainte n\u2019est pas autoris\u00e9e par le titulaire du droit d\u2019auteur, son agent ou la loi.<\/p><\/li><li class=\"\" data-start=\"2163\" data-end=\"2440\"><p class=\"\" data-start=\"2165\" data-end=\"2440\"><strong data-start=\"2165\" data-end=\"2208\">Clause de pr\u00e9cision et de responsabilit\u00e9 p\u00e9nale :<\/strong> Une d\u00e9claration selon laquelle les informations contenues dans la notification sont exactes et, sous peine de parjure, que vous \u00eates autoris\u00e9 \u00e0 agir au nom du propri\u00e9taire d&#039;un droit exclusif qui aurait \u00e9t\u00e9 viol\u00e9.<\/p><\/li><\/ul><p class=\"\" data-start=\"2442\" data-end=\"2578\"><span style=\"color: #5b43e6;\"><strong data-start=\"2442\" data-end=\"2475\">4. Coordonn\u00e9es DMCA\u00a0:<\/strong><\/span><br data-start=\"2475\" data-end=\"2478\" \/>Pour soumettre un avis de violation du droit d&#039;auteur, veuillez nous contacter \u00e0 :<\/p><p class=\"\" data-start=\"2580\" data-end=\"2623\"><strong data-start=\"2580\" data-end=\"2601\">Courriel de Flixonova :<\/strong> <span style=\"color: #5b43e6;\"><a style=\"color: #5b43e6;\" rel=\"noopener\" data-start=\"2602\" data-end=\"2623\">dmca@vikingip.com<\/a><\/span><\/p><p class=\"\" data-start=\"2625\" data-end=\"2888\"><span style=\"color: #5b43e6;\"><strong data-start=\"2625\" data-end=\"2664\">5. Avertissement contre les fausses d\u00e9clarations :<\/strong><\/span><br data-start=\"2664\" data-end=\"2667\" \/>Veuillez noter que conform\u00e9ment \u00e0 l&#039;article 17 USC \u00a7 512(f), toute personne qui d\u00e9clare sciemment de mani\u00e8re erron\u00e9e que du mat\u00e9riel ou une activit\u00e9 constitue une infraction peut \u00eatre tenue responsable.<\/p>\t\t\t\t\t\t\t\t<\/div>\n\t\t\t\t<\/div>\n\t\t\t\t\t<\/div>\n\t\t<\/div>\n\t\t\t\t\t<\/div>\n\t\t<\/section>\n\t\t\t\t<section class=\"elementor-section elementor-top-section elementor-element elementor-element-a7cad1f elementor-section-boxed elementor-section-height-default elementor-section-height-default\" data-id=\"a7cad1f\" data-element_type=\"section\" data-e-type=\"section\">\n\t\t\t\t\t\t<div class=\"elementor-container elementor-column-gap-default\">\n\t\t\t\t\t<div class=\"elementor-column elementor-col-100 elementor-top-column elementor-element elementor-element-f82f072\" data-id=\"f82f072\" data-element_type=\"column\" data-e-type=\"column\">\n\t\t\t<div class=\"elementor-widget-wrap elementor-element-populated\">\n\t\t\t\t\t\t<div class=\"elementor-element elementor-element-61ed22c elementor-widget elementor-widget-heading\" data-id=\"61ed22c\" data-element_type=\"widget\" data-e-type=\"widget\" data-widget_type=\"heading.default\">\n\t\t\t\t<div class=\"elementor-widget-container\">\n\t\t\t\t\t<h2 class=\"elementor-heading-title elementor-size-default\">Contactez-nous via WhatsApp ou par e-mail <\/h2>\t\t\t\t<\/div>\n\t\t\t\t<\/div>\n\t\t\t\t<div class=\"elementor-element elementor-element-0e757e2 elementor-invisible elementor-widget elementor-widget-heading\" data-id=\"0e757e2\" data-element_type=\"widget\" data-e-type=\"widget\" data-settings=\"{&quot;_animation&quot;:&quot;fadeInUp&quot;}\" data-widget_type=\"heading.default\">\n\t\t\t\t<div class=\"elementor-widget-container\">\n\t\t\t\t\t<h2 class=\"elementor-heading-title elementor-size-default\">Avez-vous d&#039;autres questions ? Nous sommes l\u00e0 pour vous 24 heures sur 24<\/h2>\t\t\t\t<\/div>\n\t\t\t\t<\/div>\n\t\t\t\t\t<\/div>\n\t\t<\/div>\n\t\t\t\t\t<\/div>\n\t\t<\/section>\n\t\t\t\t<section class=\"elementor-section elementor-top-section elementor-element elementor-element-313cdbc elementor-section-boxed elementor-section-height-default elementor-section-height-default\" data-id=\"313cdbc\" data-element_type=\"section\" data-e-type=\"section\" data-settings=\"{&quot;background_background&quot;:&quot;classic&quot;}\">\n\t\t\t\t\t\t<div class=\"elementor-container elementor-column-gap-default\">\n\t\t\t\t\t<div class=\"elementor-column elementor-col-33 elementor-top-column elementor-element elementor-element-c1ca539\" data-id=\"c1ca539\" data-element_type=\"column\" data-e-type=\"column\" data-settings=\"{&quot;background_background&quot;:&quot;gradient&quot;}\">\n\t\t\t<div class=\"elementor-widget-wrap elementor-element-populated\">\n\t\t\t\t\t\t<div class=\"elementor-element elementor-element-02e50de elementor-position-top elementor-widget elementor-widget-image-box\" data-id=\"02e50de\" data-element_type=\"widget\" data-e-type=\"widget\" data-widget_type=\"image-box.default\">\n\t\t\t\t<div class=\"elementor-widget-container\">\n\t\t\t\t\t<div class=\"elementor-image-box-wrapper\"><figure class=\"elementor-image-box-img\"><a href=\"mailto:flixonova@gmail.com\" tabindex=\"-1\"><img decoding=\"async\" width=\"65\" height=\"65\" src=\"https:\/\/vikingip.com\/wp-content\/uploads\/2025\/02\/logos_google-gmail-1.png\" class=\"attachment-full size-full wp-image-2495\" alt=\"Kontakta oss p\u00e5 Monster IPTV \u2013 Gmail\" \/><\/a><\/figure><div class=\"elementor-image-box-content\"><h3 class=\"elementor-image-box-title\"><a href=\"mailto:flixonova@gmail.com\">Assistance par e-mail<\/a><\/h3><p class=\"elementor-image-box-description\">flixonova@gmail.com\n<\/p><\/div><\/div>\t\t\t\t<\/div>\n\t\t\t\t<\/div>\n\t\t\t\t\t<\/div>\n\t\t<\/div>\n\t\t\t\t<div class=\"elementor-column elementor-col-33 elementor-top-column elementor-element elementor-element-5746732\" data-id=\"5746732\" data-element_type=\"column\" data-e-type=\"column\" data-settings=\"{&quot;background_background&quot;:&quot;gradient&quot;}\">\n\t\t\t<div class=\"elementor-widget-wrap elementor-element-populated\">\n\t\t\t\t\t\t<div class=\"elementor-element elementor-element-ec0ca97 elementor-position-top elementor-widget elementor-widget-image-box\" data-id=\"ec0ca97\" data-element_type=\"widget\" data-e-type=\"widget\" data-widget_type=\"image-box.default\">\n\t\t\t\t<div class=\"elementor-widget-container\">\n\t\t\t\t\t<div class=\"elementor-image-box-wrapper\"><figure class=\"elementor-image-box-img\"><a href=\"https:\/\/wa.me\/212771405727\" tabindex=\"-1\" target=\"_blank\" rel=\"noopener\"><img decoding=\"async\" width=\"65\" height=\"65\" src=\"https:\/\/vikingip.com\/wp-content\/uploads\/2025\/02\/ri_whatsapp-fill-1.png\" class=\"attachment-full size-full wp-image-2497\" alt=\"Kontakta oss p\u00e5 Monster IPTV \u2013 WhatsApp\" \/><\/a><\/figure><div class=\"elementor-image-box-content\"><h3 class=\"elementor-image-box-title\"><a href=\"https:\/\/wa.me\/212771405727\" target=\"_blank\" rel=\"noopener\">Num\u00e9ro WhatsApp<\/a><\/h3><p class=\"elementor-image-box-description\">+212 771-405727<\/p><\/div><\/div>\t\t\t\t<\/div>\n\t\t\t\t<\/div>\n\t\t\t\t\t<\/div>\n\t\t<\/div>\n\t\t\t\t<div class=\"elementor-column elementor-col-33 elementor-top-column elementor-element elementor-element-a848122\" data-id=\"a848122\" data-element_type=\"column\" data-e-type=\"column\" data-settings=\"{&quot;background_background&quot;:&quot;gradient&quot;}\">\n\t\t\t<div class=\"elementor-widget-wrap elementor-element-populated\">\n\t\t\t\t\t\t<div class=\"elementor-element elementor-element-242564c elementor-position-top elementor-widget elementor-widget-image-box\" data-id=\"242564c\" data-element_type=\"widget\" data-e-type=\"widget\" data-widget_type=\"image-box.default\">\n\t\t\t\t<div class=\"elementor-widget-container\">\n\t\t\t\t\t<div class=\"elementor-image-box-wrapper\"><figure class=\"elementor-image-box-img\"><a href=\"https:\/\/t.me\/Flixonova\" tabindex=\"-1\"><img decoding=\"async\" width=\"65\" height=\"65\" src=\"https:\/\/vikingip.com\/wp-content\/uploads\/2025\/02\/logos_telegram-1.png\" class=\"attachment-full size-full wp-image-2496\" alt=\"Kontakta oss p\u00e5 Monster IPTV \u2013 Telegram\" \/><\/a><\/figure><div class=\"elementor-image-box-content\"><h3 class=\"elementor-image-box-title\"><a href=\"https:\/\/t.me\/Flixonova\">Adresse du t\u00e9l\u00e9gramme<\/a><\/h3><p class=\"elementor-image-box-description\">@Flixonova<\/p><\/div><\/div>\t\t\t\t<\/div>\n\t\t\t\t<\/div>\n\t\t\t\t\t<\/div>\n\t\t<\/div>\n\t\t\t\t\t<\/div>\n\t\t<\/section>\n\t\t<div class=\"elementor-element elementor-element-a777a82 e-flex e-con-boxed e-con e-parent\" data-id=\"a777a82\" data-element_type=\"container\" data-e-type=\"container\">\n\t\t\t\t\t<div class=\"e-con-inner\">\n\t\t\t\t<div class=\"elementor-element elementor-element-5a3f851 elementor-widget-divider--view-line elementor-widget elementor-widget-divider\" data-id=\"5a3f851\" data-element_type=\"widget\" data-e-type=\"widget\" data-widget_type=\"divider.default\">\n\t\t\t\t<div class=\"elementor-widget-container\">\n\t\t\t\t\t\t\t<div class=\"elementor-divider\">\n\t\t\t<span class=\"elementor-divider-separator\">\n\t\t\t\t\t\t<\/span>\n\t\t<\/div>\n\t\t\t\t\t\t<\/div>\n\t\t\t\t<\/div>\n\t\t\t\t\t<\/div>\n\t\t\t\t<\/div>\n\t\t\t\t<\/div>","protected":false},"excerpt":{"rendered":"<p>Startseite \/ DMCA DMCA-Haftungsausschluss 1. Haftungsausschluss f\u00fcr Inhalte:Flixonova hostet oder sendet keine Fernsehsender direkt von seinen Servern und steht in [&hellip;]<\/p>\n","protected":false},"author":1,"featured_media":0,"parent":0,"menu_order":0,"comment_status":"closed","ping_status":"closed","template":"","meta":{"site-sidebar-layout":"no-sidebar","site-content-layout":"","ast-site-content-layout":"full-width-container","site-content-style":"default","site-sidebar-style":"default","ast-global-header-display":"","ast-banner-title-visibility":"","ast-main-header-display":"","ast-hfb-above-header-display":"","ast-hfb-below-header-display":"","ast-hfb-mobile-header-display":"","site-post-title":"","ast-breadcrumbs-content":"","ast-featured-img":"disabled","footer-sml-layout":"","ast-disable-related-posts":"","theme-transparent-header-meta":"","adv-header-id-meta":"","stick-header-meta":"","header-above-stick-meta":"","header-main-stick-meta":"","header-below-stick-meta":"","astra-migrate-meta-layouts":"default","ast-page-background-enabled":"default","ast-page-background-meta":{"desktop":{"background-color":"var(--ast-global-color-5)","background-image":"","background-repeat":"repeat","background-position":"center center","background-size":"auto","background-attachment":"scroll","background-type":"","background-media":"","overlay-type":"","overlay-color":"","overlay-opacity":"","overlay-gradient":""},"tablet":{"background-color":"","background-image":"","background-repeat":"repeat","background-position":"center center","background-size":"auto","background-attachment":"scroll","background-type":"","background-media":"","overlay-type":"","overlay-color":"","overlay-opacity":"","overlay-gradient":""},"mobile":{"background-color":"","background-image":"","background-repeat":"repeat","background-position":"center center","background-size":"auto","background-attachment":"scroll","background-type":"","background-media":"","overlay-type":"","overlay-color":"","overlay-opacity":"","overlay-gradient":""}},"ast-content-background-meta":{"desktop":{"background-color":"var(--ast-global-color-4)","background-image":"","background-repeat":"repeat","background-position":"center center","background-size":"auto","background-attachment":"scroll","background-type":"","background-media":"","overlay-type":"","overlay-color":"","overlay-opacity":"","overlay-gradient":""},"tablet":{"background-color":"var(--ast-global-color-4)","background-image":"","background-repeat":"repeat","background-position":"center center","background-size":"auto","background-attachment":"scroll","background-type":"","background-media":"","overlay-type":"","overlay-color":"","overlay-opacity":"","overlay-gradient":""},"mobile":{"background-color":"var(--ast-global-color-4)","background-image":"","background-repeat":"repeat","background-position":"center center","background-size":"auto","background-attachment":"scroll","background-type":"","background-media":"","overlay-type":"","overlay-color":"","overlay-opacity":"","overlay-gradient":""}},"footnotes":""},"class_list":["post-7802","page","type-page","status-publish","hentry"],"_links":{"self":[{"href":"https:\/\/vikingip.com\/fr\/wp-json\/wp\/v2\/pages\/7802","targetHints":{"allow":["GET"]}}],"collection":[{"href":"https:\/\/vikingip.com\/fr\/wp-json\/wp\/v2\/pages"}],"about":[{"href":"https:\/\/vikingip.com\/fr\/wp-json\/wp\/v2\/types\/page"}],"author":[{"embeddable":true,"href":"https:\/\/vikingip.com\/fr\/wp-json\/wp\/v2\/users\/1"}],"replies":[{"embeddable":true,"href":"https:\/\/vikingip.com\/fr\/wp-json\/wp\/v2\/comments?post=7802"}],"version-history":[{"count":48,"href":"https:\/\/vikingip.com\/fr\/wp-json\/wp\/v2\/pages\/7802\/revisions"}],"predecessor-version":[{"id":11265,"href":"https:\/\/vikingip.com\/fr\/wp-json\/wp\/v2\/pages\/7802\/revisions\/11265"}],"wp:attachment":[{"href":"https:\/\/vikingip.com\/fr\/wp-json\/wp\/v2\/media?parent=7802"}],"curies":[{"name":"wp","href":"https:\/\/api.w.org\/{rel}","templated":true}]}}