{"id":6131,"date":"2025-03-09T01:07:48","date_gmt":"2025-03-09T01:07:48","guid":{"rendered":"https:\/\/vikingip.com\/?page_id=6131"},"modified":"2025-06-14T17:10:07","modified_gmt":"2025-06-14T17:10:07","slug":"terms-and-conditions","status":"publish","type":"page","link":"https:\/\/vikingip.com\/fr\/terms-and-conditions\/","title":{"rendered":"Termes et conditions"},"content":{"rendered":"<div data-elementor-type=\"wp-page\" data-elementor-id=\"6131\" class=\"elementor elementor-6131\" data-elementor-post-type=\"page\">\n\t\t\t\t\t\t<section class=\"elementor-section elementor-top-section elementor-element elementor-element-a3880da elementor-section-height-min-height elementor-section-boxed elementor-section-height-default elementor-section-items-middle\" data-id=\"a3880da\" data-element_type=\"section\" data-e-type=\"section\" data-settings=\"{&quot;background_background&quot;:&quot;classic&quot;}\">\n\t\t\t\t\t\t<div class=\"elementor-container elementor-column-gap-default\">\n\t\t\t\t\t<div class=\"elementor-column elementor-col-100 elementor-top-column elementor-element elementor-element-0a980f9\" data-id=\"0a980f9\" data-element_type=\"column\" data-e-type=\"column\">\n\t\t\t<div class=\"elementor-widget-wrap elementor-element-populated\">\n\t\t\t\t\t\t<div class=\"elementor-element elementor-element-3dd3672 elementor-widget elementor-widget-heading\" data-id=\"3dd3672\" data-element_type=\"widget\" data-e-type=\"widget\" data-widget_type=\"heading.default\">\n\t\t\t\t<div class=\"elementor-widget-container\">\n\t\t\t\t\t<h3 class=\"elementor-heading-title elementor-size-default\">Accueil \/ Conditions g\u00e9n\u00e9rales<\/h3>\t\t\t\t<\/div>\n\t\t\t\t<\/div>\n\t\t\t\t<div class=\"elementor-element elementor-element-f60b258 elementor-widget elementor-widget-heading\" data-id=\"f60b258\" data-element_type=\"widget\" data-e-type=\"widget\" data-widget_type=\"heading.default\">\n\t\t\t\t<div class=\"elementor-widget-container\">\n\t\t\t\t\t<h2 class=\"elementor-heading-title elementor-size-default\">Termes et conditions<\/h2>\t\t\t\t<\/div>\n\t\t\t\t<\/div>\n\t\t\t\t\t<\/div>\n\t\t<\/div>\n\t\t\t\t\t<\/div>\n\t\t<\/section>\n\t\t\t\t<section class=\"elementor-section elementor-top-section elementor-element elementor-element-d776ee8 elementor-section-boxed elementor-section-height-default elementor-section-height-default\" data-id=\"d776ee8\" data-element_type=\"section\" data-e-type=\"section\">\n\t\t\t\t\t\t<div class=\"elementor-container elementor-column-gap-default\">\n\t\t\t\t\t<div class=\"elementor-column elementor-col-100 elementor-top-column elementor-element elementor-element-807d73b\" data-id=\"807d73b\" data-element_type=\"column\" data-e-type=\"column\">\n\t\t\t<div class=\"elementor-widget-wrap elementor-element-populated\">\n\t\t\t\t\t\t<div class=\"elementor-element elementor-element-b8dbe1d elementor-widget-divider--view-line elementor-widget elementor-widget-divider\" data-id=\"b8dbe1d\" data-element_type=\"widget\" data-e-type=\"widget\" data-widget_type=\"divider.default\">\n\t\t\t\t<div class=\"elementor-widget-container\">\n\t\t\t\t\t\t\t<div class=\"elementor-divider\">\n\t\t\t<span class=\"elementor-divider-separator\">\n\t\t\t\t\t\t<\/span>\n\t\t<\/div>\n\t\t\t\t\t\t<\/div>\n\t\t\t\t<\/div>\n\t\t\t\t\t<\/div>\n\t\t<\/div>\n\t\t\t\t\t<\/div>\n\t\t<\/section>\n\t\t\t\t<section class=\"elementor-section elementor-top-section elementor-element elementor-element-4bc596b elementor-section-boxed elementor-section-height-default elementor-section-height-default\" data-id=\"4bc596b\" data-element_type=\"section\" data-e-type=\"section\">\n\t\t\t\t\t\t<div class=\"elementor-container elementor-column-gap-default\">\n\t\t\t\t\t<div class=\"elementor-column elementor-col-100 elementor-top-column elementor-element elementor-element-7f6d25a\" data-id=\"7f6d25a\" data-element_type=\"column\" data-e-type=\"column\">\n\t\t\t<div class=\"elementor-widget-wrap elementor-element-populated\">\n\t\t\t\t\t\t<div class=\"elementor-element elementor-element-1ee3193 elementor-widget elementor-widget-text-editor\" data-id=\"1ee3193\" data-element_type=\"widget\" data-e-type=\"widget\" data-widget_type=\"text-editor.default\">\n\t\t\t\t<div class=\"elementor-widget-container\">\n\t\t\t\t\t\t\t\t\t<p><span style=\"color: #5b43e6;\"><strong>Conditions g\u00e9n\u00e9rales de vente<\/strong><\/span><br \/>Veuillez lire attentivement ces conditions g\u00e9n\u00e9rales avant d&#039;utiliser notre service.<\/p><p>Interpr\u00e9tation et d\u00e9finitions<br \/>interpr\u00e9tation<br \/>Les termes avec une majuscule ont la signification d\u00e9finie ci-dessous. Ces d\u00e9finitions s\u2019appliquent ind\u00e9pendamment du fait qu\u2019elles apparaissent au singulier ou au pluriel.<\/p><p><span style=\"color: #5b43e6;\"><strong>D\u00e9finitions<\/strong><\/span><br \/>Aux fins des pr\u00e9sentes conditions g\u00e9n\u00e9rales :<\/p><ul><li>Une filiale d\u00e9signe une entit\u00e9 qui contr\u00f4le, est contr\u00f4l\u00e9e par ou est sous contr\u00f4le commun avec une partie, o\u00f9 \u00ab contr\u00f4le \u00bb signifie la propri\u00e9t\u00e9 de 50 % ou plus des actions, des participations ou d&#039;autres titres donnant droit de vote pour l&#039;\u00e9lection des administrateurs ou d&#039;autres dirigeants.<\/li><li>Le pays fait r\u00e9f\u00e9rence \u00e0 : Californie, \u00c9tats-Unis.<\/li><li>La Soci\u00e9t\u00e9 (d\u00e9sign\u00e9e dans le pr\u00e9sent Contrat par \u00ab Flixonova \u00bb, \u00ab nous \u00bb, \u00ab notre \u00bb ou \u00ab nos \u00bb) fait r\u00e9f\u00e9rence \u00e0 Flixonova.<\/li><li>Appareil d\u00e9signe tout appareil pouvant acc\u00e9der au Service, tel que : Par exemple un ordinateur, un t\u00e9l\u00e9phone portable ou une tablette.<\/li><li>Le service fait r\u00e9f\u00e9rence au site Web.<\/li><li>Les conditions g\u00e9n\u00e9rales (\u00e9galement appel\u00e9es \u00ab Conditions \u00bb) d\u00e9signent le pr\u00e9sent accord, qui constitue l&#039;int\u00e9gralit\u00e9 de l&#039;accord entre vous et Flixonova concernant l&#039;utilisation du Service. Ces termes ont \u00e9t\u00e9 cr\u00e9\u00e9s \u00e0 l&#039;aide du g\u00e9n\u00e9rateur TermsFeed.<\/li><li>Les services de m\u00e9dias sociaux tiers sont des services ou du contenu (y compris des donn\u00e9es, des informations, des produits ou des services) fournis par des tiers qui peuvent \u00eatre affich\u00e9s, inclus ou mis \u00e0 disposition via le Service.<\/li><li>Le site Web fait r\u00e9f\u00e9rence \u00e0 Flixonova, accessible \u00e0 flixiptv.one.<\/li><\/ul><p>Vous d\u00e9signe la personne qui acc\u00e8de au Service ou l&#039;utilise, ou la soci\u00e9t\u00e9 ou autre entit\u00e9 juridique au nom de laquelle cette personne utilise le Service.<\/p><p><span style=\"color: #5b43e6;\"><strong>Utilisation du service<\/strong><\/span><br \/>Ces conditions r\u00e9gissent votre utilisation du service et constituent l&#039;accord entre vous et Flixonova. En acc\u00e9dant ou en utilisant le Service, vous acceptez d&#039;\u00eatre li\u00e9 par les pr\u00e9sentes Conditions. Si vous n\u2019\u00eates pas d\u2019accord avec une partie quelconque de ces Conditions, vous ne pouvez pas utiliser le Service.<\/p><p>Vous d\u00e9clarez avoir plus de 18 ans. Flixonova n&#039;autorise pas l&#039;utilisation du Service par des personnes de moins de 18 ans.<\/p><p>Votre consentement \u00e0 la politique de confidentialit\u00e9 de Flixonova est \u00e9galement une condition pr\u00e9alable \u00e0 l\u2019utilisation du service. Ceci d\u00e9crit comment nous collectons, utilisons et divulguons vos donn\u00e9es et vous informe de vos droits et de la protection de vos donn\u00e9es.<\/p><p><span style=\"color: #5b43e6;\"><strong>Liens vers d&#039;autres sites Web<\/strong><\/span><br \/>Notre service peut contenir des liens vers des sites Web ou des services tiers qui ne sont pas d\u00e9tenus ou contr\u00f4l\u00e9s par Flixonova. Nous n&#039;assumons aucune responsabilit\u00e9 quant au contenu, aux politiques de confidentialit\u00e9 ou aux pratiques de tiers. Vous reconnaissez que Flixonova n&#039;est pas responsable des dommages r\u00e9sultant de l&#039;utilisation de ces contenus ou services.<\/p><p><span style=\"color: #5b43e6;\"><strong>Terminaison<\/strong><\/span><br \/>Nous pouvons r\u00e9silier ou suspendre votre acc\u00e8s au Service imm\u00e9diatement et sans pr\u00e9avis si vous ne respectez pas ces Conditions. Apr\u00e8s la r\u00e9siliation, votre droit d\u2019utilisation expire imm\u00e9diatement.<\/p><p><span style=\"color: #5b43e6;\">Limitation de responsabilit\u00e9<\/span><br \/>Nonobstant tout dommage que vous pourriez subir, la responsabilit\u00e9 totale de Flixonova et de ses fournisseurs sera limit\u00e9e au montant que vous avez pay\u00e9 via le Service ou \u00e0 100 USD si vous n&#039;avez effectu\u00e9 aucun paiement.<\/p><p>Dans la mesure permise par la loi, ni Flixonova ni ses fournisseurs ne seront responsables de tout dommage indirect, sp\u00e9cial ou cons\u00e9cutif, y compris la perte de profits, la perte de donn\u00e9es, l&#039;interruption d&#039;activit\u00e9, les blessures corporelles ou la violation de la vie priv\u00e9e, m\u00eame si Flixonova a \u00e9t\u00e9 inform\u00e9 de la possibilit\u00e9 de tels dommages.<\/p><p>Certains \u00c9tats n\u2019autorisent pas la limitation de responsabilit\u00e9, certaines de ces limitations peuvent donc ne pas s\u2019appliquer \u00e0 vous.<\/p><p><strong><span style=\"color: #5b43e6;\">Avis de non-responsabilit\u00e9 \u00ab\u00a0TEL QUEL\u00a0\u00bb et \u00ab\u00a0TEL QUE DISPONIBLE\u00a0\u00bb<\/span><\/strong><br \/>Le Service est fourni \u00ab TEL QUEL \u00bb et \u00ab TEL QUE DISPONIBLE \u00bb sans aucune garantie d&#039;aucune sorte. Flixonova d\u00e9cline express\u00e9ment toute garantie, y compris les garanties implicites de qualit\u00e9 marchande, d&#039;ad\u00e9quation \u00e0 un usage particulier et de non-contrefa\u00e7on.<\/p><p>Nous ne garantissons pas que le Service sera sans erreur, ininterrompu ou s\u00e9curis\u00e9, ou que tout d\u00e9faut sera corrig\u00e9.<\/p><p>Certains pays n\u2019autorisent pas certaines exclusions de garanties, ces limitations peuvent donc ne pas s\u2019appliquer \u00e0 vous.<\/p><p><strong><span style=\"color: #5b43e6;\">Loi applicable<\/span><\/strong><br \/>Les pr\u00e9sentes conditions sont r\u00e9gies par les lois du pays sp\u00e9cifi\u00e9 (Californie, \u00c9tats-Unis), \u00e0 l&#039;exclusion de ses dispositions relatives aux conflits de lois. Des r\u00e9glementations locales, nationales ou internationales suppl\u00e9mentaires peuvent s&#039;appliquer.<\/p><p><strong><span style=\"color: #5b43e6;\">R\u00e9solution des litiges<\/span><\/strong><br \/>En cas de litige, vous acceptez de contacter en premier lieu Flixonova pour r\u00e9soudre le probl\u00e8me de mani\u00e8re informelle.<\/p><ul><li>Pour les utilisateurs de l&#039;UE<br \/>Si vous \u00eates consommateur dans l\u2019UE, vous b\u00e9n\u00e9ficiez des dispositions obligatoires du pays dans lequel vous r\u00e9sidez.<\/li><li>Conformit\u00e9 juridique aux \u00c9tats-Unis<br \/>Vous d\u00e9clarez que vous (i) n\u2019\u00eates pas situ\u00e9 dans un pays soumis \u00e0 un embargo am\u00e9ricain ou d\u00e9sign\u00e9 comme pays \u00ab soutenant le terrorisme \u00bb, et (ii) ne figurez sur aucune liste d\u2019interdiction am\u00e9ricaine.<\/li><\/ul><p><strong><span style=\"color: #5b43e6;\">Divisibilit\u00e9 et renonciation<\/span><\/strong><br \/>Si une disposition des pr\u00e9sentes Conditions est jug\u00e9e invalide ou inapplicable, le reste restera en vigueur. Le fait de ne pas faire valoir un droit ne constitue pas une renonciation \u00e0 ce droit ou \u00e0 tout autre droit.<\/p><p><strong><span style=\"color: #5b43e6;\">Traduction interpr\u00e9tation<\/span><\/strong><br \/>Ces termes et conditions peuvent avoir \u00e9t\u00e9 traduits. En cas de litige, la version originale anglaise pr\u00e9vaudra.<\/p><p><span style=\"color: #5b43e6;\"><strong>Modifications des pr\u00e9sentes conditions g\u00e9n\u00e9rales<\/strong><\/span><br \/>Nous nous r\u00e9servons le droit de modifier ces termes et conditions \u00e0 tout moment. Nous vous informerons de tout changement important dans un d\u00e9lai raisonnable. En continuant \u00e0 utiliser notre Service apr\u00e8s l\u2019entr\u00e9e en vigueur des modifications, vous acceptez d\u2019\u00eatre li\u00e9 par les nouvelles conditions.<\/p><p>Si vous n&#039;acceptez pas les nouvelles conditions, veuillez cesser d&#039;utiliser notre service.<\/p><p><strong><span style=\"color: #5b43e6;\">contact<\/span><\/strong><br \/>Si vous avez des questions sur ces termes et conditions, veuillez nous contacter par e-mail :<br \/><strong><span style=\"color: #5b43e6;\">flixonova@gmail.com<\/span><\/strong><\/p><p>\u00a0<\/p>\t\t\t\t\t\t\t\t<\/div>\n\t\t\t\t<\/div>\n\t\t\t\t\t<\/div>\n\t\t<\/div>\n\t\t\t\t\t<\/div>\n\t\t<\/section>\n\t\t\t\t<section class=\"elementor-section elementor-top-section elementor-element elementor-element-b80cd24 elementor-section-boxed elementor-section-height-default elementor-section-height-default\" data-id=\"b80cd24\" data-element_type=\"section\" data-e-type=\"section\">\n\t\t\t\t\t\t<div class=\"elementor-container elementor-column-gap-default\">\n\t\t\t\t\t<div class=\"elementor-column elementor-col-100 elementor-top-column elementor-element elementor-element-d8b4f0f\" data-id=\"d8b4f0f\" data-element_type=\"column\" data-e-type=\"column\">\n\t\t\t<div class=\"elementor-widget-wrap elementor-element-populated\">\n\t\t\t\t\t\t<div class=\"elementor-element elementor-element-8a1257d elementor-widget elementor-widget-heading\" data-id=\"8a1257d\" data-element_type=\"widget\" data-e-type=\"widget\" data-widget_type=\"heading.default\">\n\t\t\t\t<div class=\"elementor-widget-container\">\n\t\t\t\t\t<h2 class=\"elementor-heading-title elementor-size-default\">Contactez-nous via WhatsApp ou par e-mail <\/h2>\t\t\t\t<\/div>\n\t\t\t\t<\/div>\n\t\t\t\t<div class=\"elementor-element elementor-element-8c7771b elementor-invisible elementor-widget elementor-widget-heading\" data-id=\"8c7771b\" data-element_type=\"widget\" data-e-type=\"widget\" data-settings=\"{&quot;_animation&quot;:&quot;fadeInUp&quot;}\" data-widget_type=\"heading.default\">\n\t\t\t\t<div class=\"elementor-widget-container\">\n\t\t\t\t\t<h2 class=\"elementor-heading-title elementor-size-default\">Avez-vous d&#039;autres questions ? Nous sommes l\u00e0 pour vous 24 heures sur 24<\/h2>\t\t\t\t<\/div>\n\t\t\t\t<\/div>\n\t\t\t\t\t<\/div>\n\t\t<\/div>\n\t\t\t\t\t<\/div>\n\t\t<\/section>\n\t\t\t\t<section class=\"elementor-section elementor-top-section elementor-element elementor-element-8f59a8c elementor-section-boxed elementor-section-height-default elementor-section-height-default\" data-id=\"8f59a8c\" data-element_type=\"section\" data-e-type=\"section\" data-settings=\"{&quot;background_background&quot;:&quot;classic&quot;}\">\n\t\t\t\t\t\t<div class=\"elementor-container elementor-column-gap-default\">\n\t\t\t\t\t<div class=\"elementor-column elementor-col-33 elementor-top-column elementor-element elementor-element-5bfe396\" data-id=\"5bfe396\" data-element_type=\"column\" data-e-type=\"column\" data-settings=\"{&quot;background_background&quot;:&quot;gradient&quot;}\">\n\t\t\t<div class=\"elementor-widget-wrap elementor-element-populated\">\n\t\t\t\t\t\t<div class=\"elementor-element elementor-element-28c3b7f elementor-position-top elementor-widget elementor-widget-image-box\" data-id=\"28c3b7f\" data-element_type=\"widget\" data-e-type=\"widget\" data-widget_type=\"image-box.default\">\n\t\t\t\t<div class=\"elementor-widget-container\">\n\t\t\t\t\t<div class=\"elementor-image-box-wrapper\"><figure class=\"elementor-image-box-img\"><a href=\"mailto:flixonova@gmail.com\" tabindex=\"-1\"><img decoding=\"async\" width=\"65\" height=\"65\" src=\"https:\/\/vikingip.com\/wp-content\/uploads\/2025\/02\/logos_google-gmail-1.png\" class=\"attachment-full size-full wp-image-2495\" alt=\"Kontakta oss p\u00e5 Monster IPTV \u2013 Gmail\" \/><\/a><\/figure><div class=\"elementor-image-box-content\"><h3 class=\"elementor-image-box-title\"><a href=\"mailto:flixonova@gmail.com\">Assistance par e-mail<\/a><\/h3><p class=\"elementor-image-box-description\">flixonova@gmail.com\n<\/p><\/div><\/div>\t\t\t\t<\/div>\n\t\t\t\t<\/div>\n\t\t\t\t\t<\/div>\n\t\t<\/div>\n\t\t\t\t<div class=\"elementor-column elementor-col-33 elementor-top-column elementor-element elementor-element-6a26c03\" data-id=\"6a26c03\" data-element_type=\"column\" data-e-type=\"column\" data-settings=\"{&quot;background_background&quot;:&quot;gradient&quot;}\">\n\t\t\t<div class=\"elementor-widget-wrap elementor-element-populated\">\n\t\t\t\t\t\t<div class=\"elementor-element elementor-element-dee01d3 elementor-position-top elementor-widget elementor-widget-image-box\" data-id=\"dee01d3\" data-element_type=\"widget\" data-e-type=\"widget\" data-widget_type=\"image-box.default\">\n\t\t\t\t<div class=\"elementor-widget-container\">\n\t\t\t\t\t<div class=\"elementor-image-box-wrapper\"><figure class=\"elementor-image-box-img\"><a href=\"https:\/\/wa.me\/212771405727\" tabindex=\"-1\" target=\"_blank\" rel=\"noopener\"><img decoding=\"async\" width=\"65\" height=\"65\" src=\"https:\/\/vikingip.com\/wp-content\/uploads\/2025\/02\/ri_whatsapp-fill-1.png\" class=\"attachment-full size-full wp-image-2497\" alt=\"Kontakta oss p\u00e5 Monster IPTV \u2013 WhatsApp\" \/><\/a><\/figure><div class=\"elementor-image-box-content\"><h3 class=\"elementor-image-box-title\"><a href=\"https:\/\/wa.me\/212771405727\" target=\"_blank\" rel=\"noopener\">Num\u00e9ro WhatsApp<\/a><\/h3><p class=\"elementor-image-box-description\">+212 771-405727<\/p><\/div><\/div>\t\t\t\t<\/div>\n\t\t\t\t<\/div>\n\t\t\t\t\t<\/div>\n\t\t<\/div>\n\t\t\t\t<div class=\"elementor-column elementor-col-33 elementor-top-column elementor-element elementor-element-43a7efe\" data-id=\"43a7efe\" data-element_type=\"column\" data-e-type=\"column\" data-settings=\"{&quot;background_background&quot;:&quot;gradient&quot;}\">\n\t\t\t<div class=\"elementor-widget-wrap elementor-element-populated\">\n\t\t\t\t\t\t<div class=\"elementor-element elementor-element-7bcc3bc elementor-position-top elementor-widget elementor-widget-image-box\" data-id=\"7bcc3bc\" data-element_type=\"widget\" data-e-type=\"widget\" data-widget_type=\"image-box.default\">\n\t\t\t\t<div class=\"elementor-widget-container\">\n\t\t\t\t\t<div class=\"elementor-image-box-wrapper\"><figure class=\"elementor-image-box-img\"><a href=\"https:\/\/t.me\/Flixonova\" tabindex=\"-1\"><img decoding=\"async\" width=\"65\" height=\"65\" src=\"https:\/\/vikingip.com\/wp-content\/uploads\/2025\/02\/logos_telegram-1.png\" class=\"attachment-full size-full wp-image-2496\" alt=\"Kontakta oss p\u00e5 Monster IPTV \u2013 Telegram\" \/><\/a><\/figure><div class=\"elementor-image-box-content\"><h3 class=\"elementor-image-box-title\"><a href=\"https:\/\/t.me\/Flixonova\">Adresse du t\u00e9l\u00e9gramme<\/a><\/h3><p class=\"elementor-image-box-description\">@Flixonova<\/p><\/div><\/div>\t\t\t\t<\/div>\n\t\t\t\t<\/div>\n\t\t\t\t\t<\/div>\n\t\t<\/div>\n\t\t\t\t\t<\/div>\n\t\t<\/section>\n\t\t<div class=\"elementor-element elementor-element-be1d6c3 e-flex e-con-boxed e-con e-parent\" data-id=\"be1d6c3\" data-element_type=\"container\" data-e-type=\"container\">\n\t\t\t\t\t<div class=\"e-con-inner\">\n\t\t\t\t<div class=\"elementor-element elementor-element-483b314 elementor-widget-divider--view-line elementor-widget elementor-widget-divider\" data-id=\"483b314\" data-element_type=\"widget\" data-e-type=\"widget\" data-widget_type=\"divider.default\">\n\t\t\t\t<div class=\"elementor-widget-container\">\n\t\t\t\t\t\t\t<div class=\"elementor-divider\">\n\t\t\t<span class=\"elementor-divider-separator\">\n\t\t\t\t\t\t<\/span>\n\t\t<\/div>\n\t\t\t\t\t\t<\/div>\n\t\t\t\t<\/div>\n\t\t\t\t\t<\/div>\n\t\t\t\t<\/div>\n\t\t\t\t<\/div>","protected":false},"excerpt":{"rendered":"<p>Startseite \/ Gesch\u00e4ftsbedingungen Gesch\u00e4ftsbedingungen Allgemeine Gesch\u00e4ftsbedingungenBitte lesen Sie diese Allgemeinen Gesch\u00e4ftsbedingungen sorgf\u00e4ltig durch, bevor Sie unseren Service nutzen. Auslegung und [&hellip;]<\/p>\n","protected":false},"author":1,"featured_media":0,"parent":0,"menu_order":0,"comment_status":"closed","ping_status":"closed","template":"","meta":{"site-sidebar-layout":"no-sidebar","site-content-layout":"","ast-site-content-layout":"full-width-container","site-content-style":"default","site-sidebar-style":"default","ast-global-header-display":"","ast-banner-title-visibility":"","ast-main-header-display":"","ast-hfb-above-header-display":"","ast-hfb-below-header-display":"","ast-hfb-mobile-header-display":"","site-post-title":"","ast-breadcrumbs-content":"","ast-featured-img":"disabled","footer-sml-layout":"","ast-disable-related-posts":"","theme-transparent-header-meta":"","adv-header-id-meta":"","stick-header-meta":"","header-above-stick-meta":"","header-main-stick-meta":"","header-below-stick-meta":"","astra-migrate-meta-layouts":"default","ast-page-background-enabled":"default","ast-page-background-meta":{"desktop":{"background-color":"var(--ast-global-color-5)","background-image":"","background-repeat":"repeat","background-position":"center center","background-size":"auto","background-attachment":"scroll","background-type":"","background-media":"","overlay-type":"","overlay-color":"","overlay-opacity":"","overlay-gradient":""},"tablet":{"background-color":"","background-image":"","background-repeat":"repeat","background-position":"center center","background-size":"auto","background-attachment":"scroll","background-type":"","background-media":"","overlay-type":"","overlay-color":"","overlay-opacity":"","overlay-gradient":""},"mobile":{"background-color":"","background-image":"","background-repeat":"repeat","background-position":"center center","background-size":"auto","background-attachment":"scroll","background-type":"","background-media":"","overlay-type":"","overlay-color":"","overlay-opacity":"","overlay-gradient":""}},"ast-content-background-meta":{"desktop":{"background-color":"var(--ast-global-color-4)","background-image":"","background-repeat":"repeat","background-position":"center center","background-size":"auto","background-attachment":"scroll","background-type":"","background-media":"","overlay-type":"","overlay-color":"","overlay-opacity":"","overlay-gradient":""},"tablet":{"background-color":"var(--ast-global-color-4)","background-image":"","background-repeat":"repeat","background-position":"center center","background-size":"auto","background-attachment":"scroll","background-type":"","background-media":"","overlay-type":"","overlay-color":"","overlay-opacity":"","overlay-gradient":""},"mobile":{"background-color":"var(--ast-global-color-4)","background-image":"","background-repeat":"repeat","background-position":"center center","background-size":"auto","background-attachment":"scroll","background-type":"","background-media":"","overlay-type":"","overlay-color":"","overlay-opacity":"","overlay-gradient":""}},"footnotes":""},"class_list":["post-6131","page","type-page","status-publish","hentry"],"_links":{"self":[{"href":"https:\/\/vikingip.com\/fr\/wp-json\/wp\/v2\/pages\/6131","targetHints":{"allow":["GET"]}}],"collection":[{"href":"https:\/\/vikingip.com\/fr\/wp-json\/wp\/v2\/pages"}],"about":[{"href":"https:\/\/vikingip.com\/fr\/wp-json\/wp\/v2\/types\/page"}],"author":[{"embeddable":true,"href":"https:\/\/vikingip.com\/fr\/wp-json\/wp\/v2\/users\/1"}],"replies":[{"embeddable":true,"href":"https:\/\/vikingip.com\/fr\/wp-json\/wp\/v2\/comments?post=6131"}],"version-history":[{"count":36,"href":"https:\/\/vikingip.com\/fr\/wp-json\/wp\/v2\/pages\/6131\/revisions"}],"predecessor-version":[{"id":11292,"href":"https:\/\/vikingip.com\/fr\/wp-json\/wp\/v2\/pages\/6131\/revisions\/11292"}],"wp:attachment":[{"href":"https:\/\/vikingip.com\/fr\/wp-json\/wp\/v2\/media?parent=6131"}],"curies":[{"name":"wp","href":"https:\/\/api.w.org\/{rel}","templated":true}]}}