{"id":6131,"date":"2025-03-09T01:07:48","date_gmt":"2025-03-09T01:07:48","guid":{"rendered":"https:\/\/vikingip.com\/?page_id=6131"},"modified":"2025-06-14T17:10:07","modified_gmt":"2025-06-14T17:10:07","slug":"terms-and-conditions","status":"publish","type":"page","link":"https:\/\/vikingip.com\/en\/terms-and-conditions\/","title":{"rendered":"Terms and Conditions"},"content":{"rendered":"<div data-elementor-type=\"wp-page\" data-elementor-id=\"6131\" class=\"elementor elementor-6131\" data-elementor-post-type=\"page\">\n\t\t\t\t\t\t<section class=\"elementor-section elementor-top-section elementor-element elementor-element-a3880da elementor-section-height-min-height elementor-section-boxed elementor-section-height-default elementor-section-items-middle\" data-id=\"a3880da\" data-element_type=\"section\" data-e-type=\"section\" data-settings=\"{&quot;background_background&quot;:&quot;classic&quot;}\">\n\t\t\t\t\t\t<div class=\"elementor-container elementor-column-gap-default\">\n\t\t\t\t\t<div class=\"elementor-column elementor-col-100 elementor-top-column elementor-element elementor-element-0a980f9\" data-id=\"0a980f9\" data-element_type=\"column\" data-e-type=\"column\">\n\t\t\t<div class=\"elementor-widget-wrap elementor-element-populated\">\n\t\t\t\t\t\t<div class=\"elementor-element elementor-element-3dd3672 elementor-widget elementor-widget-heading\" data-id=\"3dd3672\" data-element_type=\"widget\" data-e-type=\"widget\" data-widget_type=\"heading.default\">\n\t\t\t\t<div class=\"elementor-widget-container\">\n\t\t\t\t\t<h3 class=\"elementor-heading-title elementor-size-default\">Home \/ Terms and Conditions<\/h3>\t\t\t\t<\/div>\n\t\t\t\t<\/div>\n\t\t\t\t<div class=\"elementor-element elementor-element-f60b258 elementor-widget elementor-widget-heading\" data-id=\"f60b258\" data-element_type=\"widget\" data-e-type=\"widget\" data-widget_type=\"heading.default\">\n\t\t\t\t<div class=\"elementor-widget-container\">\n\t\t\t\t\t<h2 class=\"elementor-heading-title elementor-size-default\">Terms and Conditions<\/h2>\t\t\t\t<\/div>\n\t\t\t\t<\/div>\n\t\t\t\t\t<\/div>\n\t\t<\/div>\n\t\t\t\t\t<\/div>\n\t\t<\/section>\n\t\t\t\t<section class=\"elementor-section elementor-top-section elementor-element elementor-element-d776ee8 elementor-section-boxed elementor-section-height-default elementor-section-height-default\" data-id=\"d776ee8\" data-element_type=\"section\" data-e-type=\"section\">\n\t\t\t\t\t\t<div class=\"elementor-container elementor-column-gap-default\">\n\t\t\t\t\t<div class=\"elementor-column elementor-col-100 elementor-top-column elementor-element elementor-element-807d73b\" data-id=\"807d73b\" data-element_type=\"column\" data-e-type=\"column\">\n\t\t\t<div class=\"elementor-widget-wrap elementor-element-populated\">\n\t\t\t\t\t\t<div class=\"elementor-element elementor-element-b8dbe1d elementor-widget-divider--view-line elementor-widget elementor-widget-divider\" data-id=\"b8dbe1d\" data-element_type=\"widget\" data-e-type=\"widget\" data-widget_type=\"divider.default\">\n\t\t\t\t<div class=\"elementor-widget-container\">\n\t\t\t\t\t\t\t<div class=\"elementor-divider\">\n\t\t\t<span class=\"elementor-divider-separator\">\n\t\t\t\t\t\t<\/span>\n\t\t<\/div>\n\t\t\t\t\t\t<\/div>\n\t\t\t\t<\/div>\n\t\t\t\t\t<\/div>\n\t\t<\/div>\n\t\t\t\t\t<\/div>\n\t\t<\/section>\n\t\t\t\t<section class=\"elementor-section elementor-top-section elementor-element elementor-element-4bc596b elementor-section-boxed elementor-section-height-default elementor-section-height-default\" data-id=\"4bc596b\" data-element_type=\"section\" data-e-type=\"section\">\n\t\t\t\t\t\t<div class=\"elementor-container elementor-column-gap-default\">\n\t\t\t\t\t<div class=\"elementor-column elementor-col-100 elementor-top-column elementor-element elementor-element-7f6d25a\" data-id=\"7f6d25a\" data-element_type=\"column\" data-e-type=\"column\">\n\t\t\t<div class=\"elementor-widget-wrap elementor-element-populated\">\n\t\t\t\t\t\t<div class=\"elementor-element elementor-element-1ee3193 elementor-widget elementor-widget-text-editor\" data-id=\"1ee3193\" data-element_type=\"widget\" data-e-type=\"widget\" data-widget_type=\"text-editor.default\">\n\t\t\t\t<div class=\"elementor-widget-container\">\n\t\t\t\t\t\t\t\t\t<p><span style=\"color: #5b43e6;\"><strong>General terms and conditions of business<\/strong><\/span><br \/>Please read these Terms and Conditions carefully before using our Service.<\/p><p>Interpretation and definitions<br \/>interpretation<br \/>Terms with a capital initial letter have the meaning defined below. These definitions apply regardless of whether they appear in the singular or plural.<\/p><p><span style=\"color: #5b43e6;\"><strong>Definitions<\/strong><\/span><br \/>For the purposes of these General Terms and Conditions:<\/p><ul><li>Affiliate means an entity that controls, is controlled by, or is under common control with a party, where &quot;control&quot; means ownership of 50% or more of the shares, equity interest, or other securities entitled to vote for the election of directors or other management.<\/li><li>Country refers to: California, United States.<\/li><li>Company (referred to in this Agreement as \u201cFlixonova\u201d, \u201cwe\u201d, \u201cus\u201d or \u201cour\u201d) refers to Flixonova.<\/li><li>Device means any device that can access the Service, such as a computer, mobile phone or tablet.<\/li><li>Service refers to the Website.<\/li><li>Terms and Conditions (also referred to as &quot;Terms&quot;) refer to this agreement, which constitutes the entire agreement between you and Flixonova regarding your use of the Service. These Terms were created using the TermsFeed generator.<\/li><li>Third-party Social Media Services are services or content (including data, information, products or services) provided by third parties that may be displayed, included or made available through the Service.<\/li><li>Website refers to Flixonova, accessible at flixiptv.one.<\/li><\/ul><p>You means the individual accessing or using the Service, or the company, or other legal entity on behalf of which such individual is using the Service.<\/p><p><span style=\"color: #5b43e6;\"><strong>Use of the service<\/strong><\/span><br \/>These Terms govern your use of the Service and constitute the agreement between you and Flixonova. By accessing or using the Service, you agree to be bound by these Terms. If you disagree with any part of these Terms, you may not use the Service.<\/p><p>You represent that you are over 18 years of age. Flixonova does not permit use of the Service by persons under 18 years of age.<\/p><p>Your consent to Flixonova&#039;s Privacy Policy is also a prerequisite for using the service. This policy describes how we collect, use, and disclose your data and informs you about your rights and data protection.<\/p><p><span style=\"color: #5b43e6;\"><strong>Links to other websites<\/strong><\/span><br \/>Our Service may contain links to third-party websites or services that are not owned or controlled by Flixonova. We assume no responsibility for the content, privacy policies, or practices of any third parties. You acknowledge that Flixonova is not liable for any harm resulting from your use of such content or services.<\/p><p><span style=\"color: #5b43e6;\"><strong>Termination<\/strong><\/span><br \/>We may terminate or suspend your access to the Service immediately and without notice if you breach these Terms. Upon termination, your right to use the Service will cease immediately.<\/p><p><span style=\"color: #5b43e6;\">Limitation of liability<\/span><br \/>Notwithstanding any damages you might incur, the total liability of Flixonova and its suppliers shall be limited to the amount paid by you through the Service or USD 100 if you have made no payments.<\/p><p>To the extent permitted by law, neither Flixonova nor its suppliers shall be liable for any indirect, special or consequential damages, including lost profits, loss of data, business interruption, personal injury or breach of privacy, even if Flixonova has been advised of the possibility of such damages.<\/p><p>Some states do not allow the limitation of liability, so some of these limitations may not apply to you.<\/p><p><strong><span style=\"color: #5b43e6;\">\u201cAS IS\u201d and \u201cAS AVAILABLE\u201d Disclaimer<\/span><\/strong><br \/>The Service is provided &quot;AS IS&quot; and &quot;AS AVAILABLE&quot; without warranty of any kind. Flixonova expressly disclaims all warranties, including the implied warranties of merchantability, fitness for a particular purpose, and non-infringement.<\/p><p>We do not guarantee that the Service will be error-free, uninterrupted or secure, or that any defects will be corrected.<\/p><p>Some countries do not allow certain exclusions of warranties, so these limitations may not apply to you.<\/p><p><strong><span style=\"color: #5b43e6;\">Applicable law<\/span><\/strong><br \/>These Terms are governed by the laws of the specified country (California, USA), excluding its conflict of law provisions. Additional local, national, or international rules may apply.<\/p><p><strong><span style=\"color: #5b43e6;\">Dispute resolution<\/span><\/strong><br \/>In the event of a dispute, you agree to first contact Flixonova to resolve the matter informally.<\/p><ul><li>For EU users<br \/>If you are a consumer in the EU, you benefit from the mandatory provisions of the country in which you reside.<\/li><li>US legal compliance<br \/>You represent that you (i) are not located in a country that is subject to a U.S. embargo or has been designated as a \u201cterrorist supporting\u201d country, and (ii) are not listed on any U.S. prohibited list.<\/li><\/ul><p><strong><span style=\"color: #5b43e6;\">Severability and waiver<\/span><\/strong><br \/>If any provision of these Terms is held to be invalid or unenforceable, the remainder will remain in effect. The failure to enforce any provision shall not constitute a waiver of that or any other provision.<\/p><p><strong><span style=\"color: #5b43e6;\">Translation interpretation<\/span><\/strong><br \/>These Terms may have been translated. In the event of a dispute, the original English version shall prevail.<\/p><p><span style=\"color: #5b43e6;\"><strong>Changes to these terms and conditions<\/strong><\/span><br \/>We reserve the right to change these Terms at any time. If the changes are material, we will provide you with reasonable notice. Your continued use of our Service after the changes become effective constitutes your acceptance of the new terms.<\/p><p>If you do not agree to the new terms, please stop using our service.<\/p><p><strong><span style=\"color: #5b43e6;\">contact<\/span><\/strong><br \/>If you have any questions about these terms and conditions, please contact us by email:<br \/><strong><span style=\"color: #5b43e6;\">flixonova@gmail.com<\/span><\/strong><\/p><p>\u00a0<\/p>\t\t\t\t\t\t\t\t<\/div>\n\t\t\t\t<\/div>\n\t\t\t\t\t<\/div>\n\t\t<\/div>\n\t\t\t\t\t<\/div>\n\t\t<\/section>\n\t\t\t\t<section class=\"elementor-section elementor-top-section elementor-element elementor-element-b80cd24 elementor-section-boxed elementor-section-height-default elementor-section-height-default\" data-id=\"b80cd24\" data-element_type=\"section\" data-e-type=\"section\">\n\t\t\t\t\t\t<div class=\"elementor-container elementor-column-gap-default\">\n\t\t\t\t\t<div class=\"elementor-column elementor-col-100 elementor-top-column elementor-element elementor-element-d8b4f0f\" data-id=\"d8b4f0f\" data-element_type=\"column\" data-e-type=\"column\">\n\t\t\t<div class=\"elementor-widget-wrap elementor-element-populated\">\n\t\t\t\t\t\t<div class=\"elementor-element elementor-element-8a1257d elementor-widget elementor-widget-heading\" data-id=\"8a1257d\" data-element_type=\"widget\" data-e-type=\"widget\" data-widget_type=\"heading.default\">\n\t\t\t\t<div class=\"elementor-widget-container\">\n\t\t\t\t\t<h2 class=\"elementor-heading-title elementor-size-default\">Contact via WhatsApp or email <\/h2>\t\t\t\t<\/div>\n\t\t\t\t<\/div>\n\t\t\t\t<div class=\"elementor-element elementor-element-8c7771b elementor-invisible elementor-widget elementor-widget-heading\" data-id=\"8c7771b\" data-element_type=\"widget\" data-e-type=\"widget\" data-settings=\"{&quot;_animation&quot;:&quot;fadeInUp&quot;}\" data-widget_type=\"heading.default\">\n\t\t\t\t<div class=\"elementor-widget-container\">\n\t\t\t\t\t<h2 class=\"elementor-heading-title elementor-size-default\">Do you have any further questions? We&#039;re here for you around the clock.<\/h2>\t\t\t\t<\/div>\n\t\t\t\t<\/div>\n\t\t\t\t\t<\/div>\n\t\t<\/div>\n\t\t\t\t\t<\/div>\n\t\t<\/section>\n\t\t\t\t<section class=\"elementor-section elementor-top-section elementor-element elementor-element-8f59a8c elementor-section-boxed elementor-section-height-default elementor-section-height-default\" data-id=\"8f59a8c\" data-element_type=\"section\" data-e-type=\"section\" data-settings=\"{&quot;background_background&quot;:&quot;classic&quot;}\">\n\t\t\t\t\t\t<div class=\"elementor-container elementor-column-gap-default\">\n\t\t\t\t\t<div class=\"elementor-column elementor-col-33 elementor-top-column elementor-element elementor-element-5bfe396\" data-id=\"5bfe396\" data-element_type=\"column\" data-e-type=\"column\" data-settings=\"{&quot;background_background&quot;:&quot;gradient&quot;}\">\n\t\t\t<div class=\"elementor-widget-wrap elementor-element-populated\">\n\t\t\t\t\t\t<div class=\"elementor-element elementor-element-28c3b7f elementor-position-top elementor-widget elementor-widget-image-box\" data-id=\"28c3b7f\" data-element_type=\"widget\" data-e-type=\"widget\" data-widget_type=\"image-box.default\">\n\t\t\t\t<div class=\"elementor-widget-container\">\n\t\t\t\t\t<div class=\"elementor-image-box-wrapper\"><figure class=\"elementor-image-box-img\"><a href=\"mailto:flixonova@gmail.com\" tabindex=\"-1\"><img decoding=\"async\" width=\"65\" height=\"65\" src=\"https:\/\/vikingip.com\/wp-content\/uploads\/2025\/02\/logos_google-gmail-1.png\" class=\"attachment-full size-full wp-image-2495\" alt=\"Kontakta oss p\u00e5 Monster IPTV \u2013 Gmail\" \/><\/a><\/figure><div class=\"elementor-image-box-content\"><h3 class=\"elementor-image-box-title\"><a href=\"mailto:flixonova@gmail.com\">Email Support<\/a><\/h3><p class=\"elementor-image-box-description\">flixonova@gmail.com\n<\/p><\/div><\/div>\t\t\t\t<\/div>\n\t\t\t\t<\/div>\n\t\t\t\t\t<\/div>\n\t\t<\/div>\n\t\t\t\t<div class=\"elementor-column elementor-col-33 elementor-top-column elementor-element elementor-element-6a26c03\" data-id=\"6a26c03\" data-element_type=\"column\" data-e-type=\"column\" data-settings=\"{&quot;background_background&quot;:&quot;gradient&quot;}\">\n\t\t\t<div class=\"elementor-widget-wrap elementor-element-populated\">\n\t\t\t\t\t\t<div class=\"elementor-element elementor-element-dee01d3 elementor-position-top elementor-widget elementor-widget-image-box\" data-id=\"dee01d3\" data-element_type=\"widget\" data-e-type=\"widget\" data-widget_type=\"image-box.default\">\n\t\t\t\t<div class=\"elementor-widget-container\">\n\t\t\t\t\t<div class=\"elementor-image-box-wrapper\"><figure class=\"elementor-image-box-img\"><a href=\"https:\/\/wa.me\/212771405727\" tabindex=\"-1\" target=\"_blank\" rel=\"noopener\"><img decoding=\"async\" width=\"65\" height=\"65\" src=\"https:\/\/vikingip.com\/wp-content\/uploads\/2025\/02\/ri_whatsapp-fill-1.png\" class=\"attachment-full size-full wp-image-2497\" alt=\"Kontakta oss p\u00e5 Monster IPTV \u2013 WhatsApp\" \/><\/a><\/figure><div class=\"elementor-image-box-content\"><h3 class=\"elementor-image-box-title\"><a href=\"https:\/\/wa.me\/212771405727\" target=\"_blank\" rel=\"noopener\">WhatsApp number<\/a><\/h3><p class=\"elementor-image-box-description\">+212 771-405727<\/p><\/div><\/div>\t\t\t\t<\/div>\n\t\t\t\t<\/div>\n\t\t\t\t\t<\/div>\n\t\t<\/div>\n\t\t\t\t<div class=\"elementor-column elementor-col-33 elementor-top-column elementor-element elementor-element-43a7efe\" data-id=\"43a7efe\" data-element_type=\"column\" data-e-type=\"column\" data-settings=\"{&quot;background_background&quot;:&quot;gradient&quot;}\">\n\t\t\t<div class=\"elementor-widget-wrap elementor-element-populated\">\n\t\t\t\t\t\t<div class=\"elementor-element elementor-element-7bcc3bc elementor-position-top elementor-widget elementor-widget-image-box\" data-id=\"7bcc3bc\" data-element_type=\"widget\" data-e-type=\"widget\" data-widget_type=\"image-box.default\">\n\t\t\t\t<div class=\"elementor-widget-container\">\n\t\t\t\t\t<div class=\"elementor-image-box-wrapper\"><figure class=\"elementor-image-box-img\"><a href=\"https:\/\/t.me\/Flixonova\" tabindex=\"-1\"><img decoding=\"async\" width=\"65\" height=\"65\" src=\"https:\/\/vikingip.com\/wp-content\/uploads\/2025\/02\/logos_telegram-1.png\" class=\"attachment-full size-full wp-image-2496\" alt=\"Kontakta oss p\u00e5 Monster IPTV \u2013 Telegram\" \/><\/a><\/figure><div class=\"elementor-image-box-content\"><h3 class=\"elementor-image-box-title\"><a href=\"https:\/\/t.me\/Flixonova\">Telegram Address<\/a><\/h3><p class=\"elementor-image-box-description\">@Flixonova<\/p><\/div><\/div>\t\t\t\t<\/div>\n\t\t\t\t<\/div>\n\t\t\t\t\t<\/div>\n\t\t<\/div>\n\t\t\t\t\t<\/div>\n\t\t<\/section>\n\t\t<div class=\"elementor-element elementor-element-be1d6c3 e-flex e-con-boxed e-con e-parent\" data-id=\"be1d6c3\" data-element_type=\"container\" data-e-type=\"container\">\n\t\t\t\t\t<div class=\"e-con-inner\">\n\t\t\t\t<div class=\"elementor-element elementor-element-483b314 elementor-widget-divider--view-line elementor-widget elementor-widget-divider\" data-id=\"483b314\" data-element_type=\"widget\" data-e-type=\"widget\" data-widget_type=\"divider.default\">\n\t\t\t\t<div class=\"elementor-widget-container\">\n\t\t\t\t\t\t\t<div class=\"elementor-divider\">\n\t\t\t<span class=\"elementor-divider-separator\">\n\t\t\t\t\t\t<\/span>\n\t\t<\/div>\n\t\t\t\t\t\t<\/div>\n\t\t\t\t<\/div>\n\t\t\t\t\t<\/div>\n\t\t\t\t<\/div>\n\t\t\t\t<\/div>","protected":false},"excerpt":{"rendered":"<p>Startseite \/ Gesch\u00e4ftsbedingungen Gesch\u00e4ftsbedingungen Allgemeine Gesch\u00e4ftsbedingungenBitte lesen Sie diese Allgemeinen Gesch\u00e4ftsbedingungen sorgf\u00e4ltig durch, bevor Sie unseren Service nutzen. Auslegung und [&hellip;]<\/p>\n","protected":false},"author":1,"featured_media":0,"parent":0,"menu_order":0,"comment_status":"closed","ping_status":"closed","template":"","meta":{"site-sidebar-layout":"no-sidebar","site-content-layout":"","ast-site-content-layout":"full-width-container","site-content-style":"default","site-sidebar-style":"default","ast-global-header-display":"","ast-banner-title-visibility":"","ast-main-header-display":"","ast-hfb-above-header-display":"","ast-hfb-below-header-display":"","ast-hfb-mobile-header-display":"","site-post-title":"","ast-breadcrumbs-content":"","ast-featured-img":"disabled","footer-sml-layout":"","ast-disable-related-posts":"","theme-transparent-header-meta":"","adv-header-id-meta":"","stick-header-meta":"","header-above-stick-meta":"","header-main-stick-meta":"","header-below-stick-meta":"","astra-migrate-meta-layouts":"default","ast-page-background-enabled":"default","ast-page-background-meta":{"desktop":{"background-color":"var(--ast-global-color-5)","background-image":"","background-repeat":"repeat","background-position":"center center","background-size":"auto","background-attachment":"scroll","background-type":"","background-media":"","overlay-type":"","overlay-color":"","overlay-opacity":"","overlay-gradient":""},"tablet":{"background-color":"","background-image":"","background-repeat":"repeat","background-position":"center center","background-size":"auto","background-attachment":"scroll","background-type":"","background-media":"","overlay-type":"","overlay-color":"","overlay-opacity":"","overlay-gradient":""},"mobile":{"background-color":"","background-image":"","background-repeat":"repeat","background-position":"center center","background-size":"auto","background-attachment":"scroll","background-type":"","background-media":"","overlay-type":"","overlay-color":"","overlay-opacity":"","overlay-gradient":""}},"ast-content-background-meta":{"desktop":{"background-color":"var(--ast-global-color-4)","background-image":"","background-repeat":"repeat","background-position":"center center","background-size":"auto","background-attachment":"scroll","background-type":"","background-media":"","overlay-type":"","overlay-color":"","overlay-opacity":"","overlay-gradient":""},"tablet":{"background-color":"var(--ast-global-color-4)","background-image":"","background-repeat":"repeat","background-position":"center center","background-size":"auto","background-attachment":"scroll","background-type":"","background-media":"","overlay-type":"","overlay-color":"","overlay-opacity":"","overlay-gradient":""},"mobile":{"background-color":"var(--ast-global-color-4)","background-image":"","background-repeat":"repeat","background-position":"center center","background-size":"auto","background-attachment":"scroll","background-type":"","background-media":"","overlay-type":"","overlay-color":"","overlay-opacity":"","overlay-gradient":""}},"footnotes":""},"class_list":["post-6131","page","type-page","status-publish","hentry"],"_links":{"self":[{"href":"https:\/\/vikingip.com\/en\/wp-json\/wp\/v2\/pages\/6131","targetHints":{"allow":["GET"]}}],"collection":[{"href":"https:\/\/vikingip.com\/en\/wp-json\/wp\/v2\/pages"}],"about":[{"href":"https:\/\/vikingip.com\/en\/wp-json\/wp\/v2\/types\/page"}],"author":[{"embeddable":true,"href":"https:\/\/vikingip.com\/en\/wp-json\/wp\/v2\/users\/1"}],"replies":[{"embeddable":true,"href":"https:\/\/vikingip.com\/en\/wp-json\/wp\/v2\/comments?post=6131"}],"version-history":[{"count":36,"href":"https:\/\/vikingip.com\/en\/wp-json\/wp\/v2\/pages\/6131\/revisions"}],"predecessor-version":[{"id":11292,"href":"https:\/\/vikingip.com\/en\/wp-json\/wp\/v2\/pages\/6131\/revisions\/11292"}],"wp:attachment":[{"href":"https:\/\/vikingip.com\/en\/wp-json\/wp\/v2\/media?parent=6131"}],"curies":[{"name":"wp","href":"https:\/\/api.w.org\/{rel}","templated":true}]}}